{"id":1251,"date":"2025-03-11T13:29:20","date_gmt":"2025-03-11T10:29:20","guid":{"rendered":"https:\/\/tahribatsizmuayene.com.tr\/?page_id=1251"},"modified":"2025-04-12T19:15:48","modified_gmt":"2025-04-12T16:15:48","slug":"periyodik-kontroller","status":"publish","type":"page","link":"https:\/\/tahribatsizmuayene.com.tr\/index.php\/periyodik-kontroller\/","title":{"rendered":"Periyodik Kontroller"},"content":{"rendered":"<div class=\"wpb-content-wrapper\"><p>[vc_row is_section=&#8221;yes&#8221; remove_margin_top=&#8221;yes&#8221; remove_margin_bottom=&#8221;yes&#8221; remove_border=&#8221;yes&#8221; animation_delay=&#8221;200&#8243; el_class=&#8221;custom-info-box&#8221; css=&#8221;.vc_custom_1744473593183{padding-top: 19px !important;padding-bottom: 57px !important;background-color: var(&#8211;porto-light-color) !important;}&#8221; conditional_render=&#8221;%5B%7B%22value_role%22%3A%22administrator%22%7D%5D&#8221; animation_type=&#8221;fadeIn&#8221; css_params=&#8221;&#8221;][vc_column][vc_row_inner css_params=&#8221;&#8221;][vc_column_inner width=&#8221;1\/6&#8243; offset=&#8221;vc_col-md-6&#8243; css_params=&#8221;&#8221;]<a class=\"porto-sicon-box-link\" href=\"https:\/\/tahribatsizmuayene.com.tr\/index.php\/periyodik-kontroller\/basincli-kaplarin-periyodik-kontrolu\/\"><div class=\"porto-sicon-box  vc_custom_1744473800109 mb-0  wpb_custom_224fb9120dc48e87ceb8ca033bb8b5f2 hover-icon-right default-icon flex-wrap\"><div class=\"porto-sicon-default\"><div class=\"porto-just-icon-wrapper porto-sicon-img  porto-icon-9f5d1cfb45d27d96b50bf473aebba227\" style=\"font-size: 88px;\"><img loading=\"lazy\" decoding=\"async\" class=\"img-icon\" alt=\"\" src=\"https:\/\/tahribatsizmuayene.com.tr\/wp-content\/uploads\/2025\/02\/BASINCLI-KAPLARIN-PERIYODIK-KONTROLU-1.png\" width=\"89\" height=\"90\" \/><\/div><\/div><div class=\"porto-sicon-header\" style=\"margin-bottom:-1px;\"><h3 class=\"porto-sicon-title\" style=\"\">BASIN\u00c7LI KAPLARIN PER\u0130YOD\u0130K KONTROL\u00dc<\/h3><\/div> <!-- header --><div class=\"porto-sicon-description\" style=\"color:#5e5e5e;\">Bas\u0131n\u00e7l\u0131 kaplar\u0131n\u0131z\u0131n g\u00fcvenli\u011fi i\u00e7in periyodik kontrolleri uzman ekibimizle titizlikle ger\u00e7ekle\u015ftiriyoruz!<\/div> <!-- description --><\/div><!-- porto-sicon-box --><\/a>[\/vc_column_inner][vc_column_inner width=&#8221;1\/6&#8243; offset=&#8221;vc_col-md-6&#8243; css_params=&#8221;&#8221;]<a class=\"porto-sicon-box-link\" href=\"https:\/\/tahribatsizmuayene.com.tr\/index.php\/periyodik-kontroller\/kaldirma-ve-iletme-ekipmanlarinin-periyodik-kontrolu\/\"><div class=\"porto-sicon-box  vc_custom_1744473815822 mb-0  wpb_custom_224fb9120dc48e87ceb8ca033bb8b5f2 hover-icon-right default-icon flex-wrap\"><div class=\"porto-sicon-default\"><div class=\"porto-just-icon-wrapper porto-sicon-img  porto-icon-9f5d1cfb45d27d96b50bf473aebba227\" style=\"font-size: 88px;\"><img loading=\"lazy\" decoding=\"async\" class=\"img-icon\" alt=\"\" src=\"https:\/\/tahribatsizmuayene.com.tr\/wp-content\/uploads\/2025\/02\/KALDIRMA-VE-ILETME-EKIPMANLARININ-PERIYODIK-KONTROLU.png\" width=\"89\" height=\"90\" \/><\/div><\/div><div class=\"porto-sicon-header\" style=\"margin-bottom:-1px;\"><h3 class=\"porto-sicon-title\" style=\"\">KALDIRMA VE \u0130LETME EK\u0130PMANLARININ PER\u0130YOD\u0130K KONTROL\u00dc<\/h3><\/div> <!-- header --><div class=\"porto-sicon-description\" style=\"color:#5e5e5e;\">Kald\u0131rma ve iletme ekipmanlar\u0131n\u0131n periyodik kontrol\u00fc ile g\u00fcvenli ve mevzuata uygun \u00e7al\u0131\u015fma ortam\u0131 sa\u011flay\u0131n!<\/div> <!-- description --><\/div><!-- porto-sicon-box --><\/a>[\/vc_column_inner][vc_column_inner width=&#8221;1\/6&#8243; css_params=&#8221;&#8221; offset=&#8221;vc_col-md-6&#8243;]<a class=\"porto-sicon-box-link\" href=\"https:\/\/tahribatsizmuayene.com.tr\/index.php\/periyodik-kontroller\/tesisatlarin-periyodik-kontrolu\/\"><div class=\"porto-sicon-box  vc_custom_1744473113830 mb-0  wpb_custom_224fb9120dc48e87ceb8ca033bb8b5f2 hover-icon-right default-icon flex-wrap\"><div class=\"porto-sicon-default\"><div class=\"porto-just-icon-wrapper porto-sicon-img  porto-icon-9f5d1cfb45d27d96b50bf473aebba227\" style=\"font-size: 88px;\"><img loading=\"lazy\" decoding=\"async\" class=\"img-icon\" alt=\"\" src=\"https:\/\/tahribatsizmuayene.com.tr\/wp-content\/uploads\/2025\/02\/TESISATLARIN-PERIYODIK-KONTROLU.png\" width=\"89\" height=\"90\" \/><\/div><\/div><div class=\"porto-sicon-header\" style=\"margin-bottom:-1px;\"><h3 class=\"porto-sicon-title\" style=\"\">TES\u0130SATLARIN PER\u0130YOD\u0130K KONTROL\u00dc<\/h3><\/div> <!-- header --><div class=\"porto-sicon-description\" style=\"color:#5e5e5e;\">Tesisatlar\u0131n periyodik kontrol\u00fc ile g\u00fcvenli ve verimli bir \u00e7al\u0131\u015fma ortam\u0131 sa\u011flay\u0131n!<\/div> <!-- description --><\/div><!-- porto-sicon-box --><\/a>[\/vc_column_inner][vc_column_inner width=&#8221;1\/6&#8243; css_params=&#8221;&#8221; offset=&#8221;vc_col-md-6&#8243;]<a class=\"porto-sicon-box-link\" href=\"https:\/\/tahribatsizmuayene.com.tr\/index.php\/periyodik-kontroller\/tezgahlarin-periyodik-kontrolu\/\"><div class=\"porto-sicon-box  vc_custom_1744473146183 mb-0  wpb_custom_224fb9120dc48e87ceb8ca033bb8b5f2 hover-icon-right default-icon flex-wrap\"><div class=\"porto-sicon-default\"><div class=\"porto-just-icon-wrapper porto-sicon-img  porto-icon-9f5d1cfb45d27d96b50bf473aebba227\" style=\"font-size: 88px;\"><img loading=\"lazy\" decoding=\"async\" class=\"img-icon\" alt=\"\" src=\"https:\/\/tahribatsizmuayene.com.tr\/wp-content\/uploads\/2025\/02\/TEZGAHLARIN-PERIYODIK-KONTROLU.png\" width=\"89\" height=\"90\" \/><\/div><\/div><div class=\"porto-sicon-header\" style=\"margin-bottom:-1px;\"><h3 class=\"porto-sicon-title\" style=\"\">TEZGAHLARIN PER\u0130YOD\u0130K KONTROL\u00dc<\/h3><\/div> <!-- header --><div class=\"porto-sicon-description\" style=\"color:#5e5e5e;\">\n<p>Tezgahlar\u0131n periyodik kontrol\u00fc ile i\u015f g\u00fcvenli\u011finizi art\u0131r\u0131n, ekipmanlar\u0131n\u0131z\u0131 uzun \u00f6m\u00fcrl\u00fc ve verimli kullan\u0131n!<\/p>\n<p><\/div> <!-- description --><\/div><!-- porto-sicon-box --><\/a>[\/vc_column_inner][vc_column_inner width=&#8221;1\/6&#8243; offset=&#8221;vc_col-md-6&#8243; css_params=&#8221;&#8221;]<a class=\"porto-sicon-box-link\" href=\"https:\/\/tahribatsizmuayene.com.tr\/index.php\/periyodik-kontroller\/is-makinalarinin-periyodik-kontrolu\/\"><div class=\"porto-sicon-box  vc_custom_1744473839547 mb-0  wpb_custom_224fb9120dc48e87ceb8ca033bb8b5f2 hover-icon-right default-icon flex-wrap\"><div class=\"porto-sicon-default\"><div class=\"porto-just-icon-wrapper porto-sicon-img  porto-icon-9f5d1cfb45d27d96b50bf473aebba227\" style=\"font-size: 88px;\"><img loading=\"lazy\" decoding=\"async\" class=\"img-icon\" alt=\"\" src=\"https:\/\/tahribatsizmuayene.com.tr\/wp-content\/uploads\/2025\/02\/IS-MAKINALARININ-PERIYODIK-KONTROLU.png\" width=\"88\" height=\"89\" \/><\/div><\/div><div class=\"porto-sicon-header\" style=\"margin-bottom:-1px;\"><h3 class=\"porto-sicon-title\" style=\"\">\u0130\u015e MAK\u0130NALARININ PER\u0130YOD\u0130K KONTROL\u00dc<\/h3><\/div> <!-- header --><div class=\"porto-sicon-description\" style=\"color:#5e5e5e;\">\u0130\u015f makinelerinizin g\u00fcvenli ve yasalara uygun \u00e7al\u0131\u015fmas\u0131n\u0131 sa\u011flamak i\u00e7in periyodik kontrollerinizi uzman ekibimizle ger\u00e7ekle\u015ftirin!<\/div> <!-- description --><\/div><!-- porto-sicon-box --><\/a>[\/vc_column_inner][vc_column_inner width=&#8221;1\/6&#8243; offset=&#8221;vc_col-md-6&#8243; css_params=&#8221;&#8221;]<a class=\"porto-sicon-box-link\" href=\"https:\/\/tahribatsizmuayene.com.tr\/index.php\/periyodik-kontroller\/yapi-iskeleleri-muhendislik-hizmetleri\/\"><div class=\"porto-sicon-box  vc_custom_1744473850630 mb-0  wpb_custom_224fb9120dc48e87ceb8ca033bb8b5f2 hover-icon-right default-icon flex-wrap\"><div class=\"porto-sicon-default\"><div class=\"porto-just-icon-wrapper porto-sicon-img  porto-icon-9f5d1cfb45d27d96b50bf473aebba227\" style=\"font-size: 88px;\"><img loading=\"lazy\" decoding=\"async\" class=\"img-icon\" alt=\"\" src=\"https:\/\/tahribatsizmuayene.com.tr\/wp-content\/uploads\/2025\/02\/YAPI-ISKELELERI-MUHENDISLIK-HIZMETLERI.png\" width=\"88\" height=\"89\" \/><\/div><\/div><div class=\"porto-sicon-header\" style=\"margin-bottom:-1px;\"><h3 class=\"porto-sicon-title\" style=\"\">YAPI \u0130SKELELER\u0130 M\u00dcHEND\u0130SL\u0130K H\u0130ZMETLER\u0130<\/h3><\/div> <!-- header --><div class=\"porto-sicon-description\" style=\"color:#5e5e5e;\">\u0130\u015f g\u00fcvenli\u011fi standartlar\u0131na uygun, uzman m\u00fchendislerimiz taraf\u0131ndan ger\u00e7ekle\u015ftirilen yap\u0131 iskeleleri periyodik kontrolleri ve m\u00fchendislik hizmetleri!<\/div> <!-- description --><\/div><!-- porto-sicon-box --><\/a>[\/vc_column_inner][vc_column_inner width=&#8221;1\/6&#8243; offset=&#8221;vc_col-md-6&#8243; css_params=&#8221;&#8221;]<a class=\"porto-sicon-box-link\" href=\"https:\/\/tahribatsizmuayene.com.tr\/index.php\/elektrik-olcum-ve-kontrolu\/\"><div class=\"porto-sicon-box  vc_custom_1744473254072 mb-0  wpb_custom_224fb9120dc48e87ceb8ca033bb8b5f2 hover-icon-right default-icon flex-wrap\"><div class=\"porto-sicon-default\"><div class=\"porto-just-icon-wrapper porto-sicon-img  porto-icon-9f5d1cfb45d27d96b50bf473aebba227\" style=\"font-size: 88px;\"><img loading=\"lazy\" decoding=\"async\" class=\"img-icon\" alt=\"\" src=\"https:\/\/tahribatsizmuayene.com.tr\/wp-content\/uploads\/2025\/02\/ELEKTRIK-OLCUM-VE-KONTROLU.png\" width=\"88\" height=\"89\" \/><\/div><\/div><div class=\"porto-sicon-header\" style=\"margin-bottom:-1px;\"><h3 class=\"porto-sicon-title\" style=\"\">ELEKTR\u0130K \u00d6L\u00c7\u00dcM VE KONTROL\u00dc<\/h3><\/div> <!-- header --><div class=\"porto-sicon-description\" style=\"color:#5e5e5e;\">Elektrik tesisatlar\u0131n\u0131n g\u00fcvenli\u011fini sa\u011flamak amac\u0131yla yap\u0131lan elektrik \u00f6l\u00e7\u00fcm ve kontrol hizmetleri, uzman ekiplerce y\u00f6netmelik ve standartlara uygun \u015fekilde ger\u00e7ekle\u015ftirilmektedir.<\/div> <!-- description --><\/div><!-- porto-sicon-box --><\/a>[\/vc_column_inner][\/vc_row_inner][\/vc_column][\/vc_row]<\/p>\n<\/div>","protected":false},"excerpt":{"rendered":"<p>[vc_row is_section=&#8221;yes&#8221; remove_margin_top=&#8221;yes&#8221; remove_margin_bottom=&#8221;yes&#8221; remove_border=&#8221;yes&#8221; animation_delay=&#8221;200&#8243; el_class=&#8221;custom-info-box&#8221; css=&#8221;.vc_custom_1744473593183{padding-top: 19px !important;padding-bottom: 57px !important;background-color: var(&#8211;porto-light-color) !important;}&#8221; conditional_render=&#8221;%5B%7B%22value_role%22%3A%22administrator%22%7D%5D&#8221; animation_type=&#8221;fadeIn&#8221; css_params=&#8221;&#8221;][vc_column][vc_row_inner css_params=&#8221;&#8221;][vc_column_inner width=&#8221;1\/6&#8243; offset=&#8221;vc_col-md-6&#8243; css_params=&#8221;&#8221;][\/vc_column_inner][vc_column_inner width=&#8221;1\/6&#8243; offset=&#8221;vc_col-md-6&#8243; css_params=&#8221;&#8221;][\/vc_column_inner][vc_column_inner width=&#8221;1\/6&#8243; css_params=&#8221;&#8221; offset=&#8221;vc_col-md-6&#8243;][\/vc_column_inner][vc_column_inner width=&#8221;1\/6&#8243; css_params=&#8221;&#8221; offset=&#8221;vc_col-md-6&#8243;][\/vc_column_inner][vc_column_inner width=&#8221;1\/6&#8243; offset=&#8221;vc_col-md-6&#8243; css_params=&#8221;&#8221;][\/vc_column_inner][vc_column_inner width=&#8221;1\/6&#8243; offset=&#8221;vc_col-md-6&#8243; css_params=&#8221;&#8221;][\/vc_column_inner][vc_column_inner width=&#8221;1\/6&#8243; offset=&#8221;vc_col-md-6&#8243; css_params=&#8221;&#8221;][\/vc_column_inner][\/vc_row_inner][\/vc_column][\/vc_row]<\/p>\n","protected":false},"author":1,"featured_media":0,"parent":0,"menu_order":0,"comment_status":"closed","ping_status":"closed","template":"","meta":{"footnotes":""},"class_list":["post-1251","page","type-page","status-publish","hentry"],"_links":{"self":[{"href":"https:\/\/tahribatsizmuayene.com.tr\/index.php\/wp-json\/wp\/v2\/pages\/1251","targetHints":{"allow":["GET"]}}],"collection":[{"href":"https:\/\/tahribatsizmuayene.com.tr\/index.php\/wp-json\/wp\/v2\/pages"}],"about":[{"href":"https:\/\/tahribatsizmuayene.com.tr\/index.php\/wp-json\/wp\/v2\/types\/page"}],"author":[{"embeddable":true,"href":"https:\/\/tahribatsizmuayene.com.tr\/index.php\/wp-json\/wp\/v2\/users\/1"}],"replies":[{"embeddable":true,"href":"https:\/\/tahribatsizmuayene.com.tr\/index.php\/wp-json\/wp\/v2\/comments?post=1251"}],"version-history":[{"count":18,"href":"https:\/\/tahribatsizmuayene.com.tr\/index.php\/wp-json\/wp\/v2\/pages\/1251\/revisions"}],"predecessor-version":[{"id":1558,"href":"https:\/\/tahribatsizmuayene.com.tr\/index.php\/wp-json\/wp\/v2\/pages\/1251\/revisions\/1558"}],"wp:attachment":[{"href":"https:\/\/tahribatsizmuayene.com.tr\/index.php\/wp-json\/wp\/v2\/media?parent=1251"}],"curies":[{"name":"wp","href":"https:\/\/api.w.org\/{rel}","templated":true}]}}