{"id":1260,"date":"2025-03-11T13:45:09","date_gmt":"2025-03-11T10:45:09","guid":{"rendered":"https:\/\/tahribatsizmuayene.com.tr\/?page_id=1260"},"modified":"2025-03-14T17:03:39","modified_gmt":"2025-03-14T14:03:39","slug":"tesisatlarin-periyodik-kontrolu","status":"publish","type":"page","link":"https:\/\/tahribatsizmuayene.com.tr\/index.php\/periyodik-kontroller\/tesisatlarin-periyodik-kontrolu\/","title":{"rendered":"TES\u0130SATLARIN PER\u0130YOD\u0130K KONTROL\u00dc"},"content":{"rendered":"<div class=\"wpb-content-wrapper\"><p>[vc_row height=&#8221;auto&#8221; bg_type=&#8221;bg_color&#8221; bg_color_value=&#8221;#efefef&#8221;][vc_column][vc_empty_space height=&#8221;20px&#8221;][vc_column_text]\u0130\u015fletmeye ait havaland\u0131rma ve klima tesisat\u0131 ile tesisata ba\u011fl\u0131 bile\u015fenlerin uygunlu\u011fu, havaland\u0131rma kanallar\u0131ndan ge\u00e7en hava ak\u0131m de\u011ferlerinin belirlenmesi, havaland\u0131rma kanallar\u0131 ve menfezlerinin mevcut performans de\u011ferleri, \u00f6l\u00e7\u00fcm ve kontroller ile belirlenerek proje ile kar\u015f\u0131la\u015ft\u0131r\u0131lmas\u0131 yap\u0131l\u0131r.[\/vc_column_text][vc_empty_space height=&#8221;0px&#8221;][\/vc_column][\/vc_row][vc_row height=&#8221;auto&#8221;][vc_column][vc_column_text]Yang\u0131n Tesisat\u0131 kontrolleri (yang\u0131n belirtilen\u00a0kriterlere\u00a0uygun olup olmad\u0131\u011f\u0131n\u0131n belirlenmesine y\u00f6nelik olarak \u0130\u015f Ekipmanlar\u0131n\u0131n Kullan\u0131m\u0131nda Sa\u011fl\u0131k ve G\u00fcvenlik \u015eartlar\u0131 Y\u00f6netmeli\u011fi, Binalar\u0131n Yang\u0131ndan Korunmas\u0131 Hakk\u0131nda Y\u00f6netmelik ve ilgili standartlarda belirtilen hususlara g\u00f6re kontrol\u00fc yap\u0131l\u0131r.<\/p>\n<p><strong>SAFER TEKN\u0130K<\/strong> olarak 6331 say\u0131l\u0131 kanun \u00e7er\u00e7evesinde makine m\u00fchendislerimizce ger\u00e7ekle\u015ftirilen periyodik kontroller neticesinde, d\u00fczenlenen raporlar, i\u015f m\u00fcfetti\u015fleri ve di\u011fer denetleyici makamlar taraf\u0131ndan kabul edilmektedir.<\/p>\n<p><strong>TES\u0130SAT KONTROLLER\u0130M\u0130Z;<\/strong><\/p>\n<ul>\n<li>Havaland\u0131rma ve Klima Tesisatlar\u0131<\/li>\n<li>Yang\u0131n Tesisat\u0131 ve Hortumlar<\/li>\n<li>Motopompalar<\/li>\n<li>Kollekt\u00f6r\u00a0Tesisat\u0131<\/li>\n<li>S\u00f6nd\u00fcrme Sistemleri<\/li>\n<\/ul>\n<p>[\/vc_column_text][vc_empty_space height=&#8221;10px&#8221;][\/vc_column][\/vc_row]<\/p>\n<\/div>","protected":false},"excerpt":{"rendered":"<p>[vc_row height=&#8221;auto&#8221; bg_type=&#8221;bg_color&#8221; bg_color_value=&#8221;#efefef&#8221;][vc_column][vc_empty_space height=&#8221;20px&#8221;][vc_column_text]\u0130\u015fletmeye ait havaland\u0131rma ve klima tesisat\u0131 ile tesisata ba\u011fl\u0131 bile\u015fenlerin uygunlu\u011fu, havaland\u0131rma kanallar\u0131ndan ge\u00e7en hava ak\u0131m de\u011ferlerinin belirlenmesi, havaland\u0131rma kanallar\u0131 ve menfezlerinin mevcut performans de\u011ferleri, \u00f6l\u00e7\u00fcm ve kontroller ile belirlenerek proje ile kar\u015f\u0131la\u015ft\u0131r\u0131lmas\u0131 yap\u0131l\u0131r.[\/vc_column_text][vc_empty_space height=&#8221;0px&#8221;][\/vc_column][\/vc_row][vc_row height=&#8221;auto&#8221;][vc_column][vc_column_text]Yang\u0131n Tesisat\u0131 kontrolleri (yang\u0131n belirtilen\u00a0kriterlere\u00a0uygun olup olmad\u0131\u011f\u0131n\u0131n belirlenmesine y\u00f6nelik olarak \u0130\u015f Ekipmanlar\u0131n\u0131n Kullan\u0131m\u0131nda Sa\u011fl\u0131k ve G\u00fcvenlik [&hellip;]<\/p>\n","protected":false},"author":1,"featured_media":0,"parent":1251,"menu_order":0,"comment_status":"closed","ping_status":"closed","template":"","meta":{"footnotes":""},"class_list":["post-1260","page","type-page","status-publish","hentry"],"_links":{"self":[{"href":"https:\/\/tahribatsizmuayene.com.tr\/index.php\/wp-json\/wp\/v2\/pages\/1260","targetHints":{"allow":["GET"]}}],"collection":[{"href":"https:\/\/tahribatsizmuayene.com.tr\/index.php\/wp-json\/wp\/v2\/pages"}],"about":[{"href":"https:\/\/tahribatsizmuayene.com.tr\/index.php\/wp-json\/wp\/v2\/types\/page"}],"author":[{"embeddable":true,"href":"https:\/\/tahribatsizmuayene.com.tr\/index.php\/wp-json\/wp\/v2\/users\/1"}],"replies":[{"embeddable":true,"href":"https:\/\/tahribatsizmuayene.com.tr\/index.php\/wp-json\/wp\/v2\/comments?post=1260"}],"version-history":[{"count":3,"href":"https:\/\/tahribatsizmuayene.com.tr\/index.php\/wp-json\/wp\/v2\/pages\/1260\/revisions"}],"predecessor-version":[{"id":1263,"href":"https:\/\/tahribatsizmuayene.com.tr\/index.php\/wp-json\/wp\/v2\/pages\/1260\/revisions\/1263"}],"up":[{"embeddable":true,"href":"https:\/\/tahribatsizmuayene.com.tr\/index.php\/wp-json\/wp\/v2\/pages\/1251"}],"wp:attachment":[{"href":"https:\/\/tahribatsizmuayene.com.tr\/index.php\/wp-json\/wp\/v2\/media?parent=1260"}],"curies":[{"name":"wp","href":"https:\/\/api.w.org\/{rel}","templated":true}]}}