{"id":1264,"date":"2025-03-11T13:47:55","date_gmt":"2025-03-11T10:47:55","guid":{"rendered":"https:\/\/tahribatsizmuayene.com.tr\/?page_id=1264"},"modified":"2025-03-14T17:05:12","modified_gmt":"2025-03-14T14:05:12","slug":"tezgahlarin-periyodik-kontrolu","status":"publish","type":"page","link":"https:\/\/tahribatsizmuayene.com.tr\/index.php\/periyodik-kontroller\/tezgahlarin-periyodik-kontrolu\/","title":{"rendered":"TEZGAHLARIN PER\u0130YOD\u0130K KONTROL\u00dc"},"content":{"rendered":"<div class=\"wpb-content-wrapper\"><p>[vc_row height=&#8221;auto&#8221; bg_type=&#8221;bg_color&#8221; bg_color_value=&#8221;#efefef&#8221;][vc_column][vc_empty_space height=&#8221;20px&#8221;][vc_column_text]\u0130s Ekipmanlar\u0131n\u0131n Kullan\u0131m\u0131nda Sa\u011fl\u0131k ve G\u00fcvenlik \u015eartlar\u0131 Y\u00f6netmeli\u011fi\u2019ne g\u00f6re periyodik tezgah kontrolleri \u0130\u015f Sa\u011fl\u0131\u011f\u0131 ve G\u00fcvenli\u011fi y\u00f6n\u00fcnden uygunlu\u011fu g\u00f6z \u00f6n\u00fcne al\u0131narak teknik inceleme ve kontrol\u00fc yap\u0131l\u0131r.<br \/>\n[\/vc_column_text][vc_empty_space height=&#8221;0px&#8221;][\/vc_column][\/vc_row][vc_row height=&#8221;auto&#8221;][vc_column][vc_column_text]Periyodik kontrol aral\u0131\u011f\u0131 ve kriterleri standartlar ile belirlenmemi\u015f i\u015f ekipmanlar\u0131n\u0131n<br \/>\nperiyodik kontrolleri, varsa imalat\u00e7\u0131n\u0131n \u00f6ng\u00f6rd\u00fc\u011f\u00fc aral\u0131k ve kriterlerde yap\u0131l\u0131r. Bu<br \/>\nhususlar, imalat\u00e7\u0131 taraf\u0131ndan belirlenmemis ise is ekipman\u0131n\u0131n periyodik kontrol\u00fc,<br \/>\nbulundugu isyeri ortam kosullar\u0131, kullan\u0131m s\u0131kl\u0131g\u0131 ile kullan\u0131m s\u00fcresi gibi fakt\u00f6rler g\u00f6z<br \/>\n\u00f6n\u00fcnde bulundurularak, yap\u0131lacak risk degerlendirmesi sonu\u00e7lar\u0131na g\u00f6re, belirlenecek<br \/>\naral\u0131klarda yap\u0131l\u0131r.<br \/>\nSAFER TEKN\u0130K olarak 6331 say\u0131l\u0131 kanun \u00e7er\u00e7evesinde makine m\u00fchendislerimizce<br \/>\nger\u00e7eklestirilen periyodik kontroller neticesinde, d\u00fczenlenen raporlar, is m\u00fcfettisleri ve<br \/>\ndiger denetleyici makamlar taraf\u0131ndan kabul edilmektedir.[\/vc_column_text][vc_empty_space height=&#8221;10px&#8221;][\/vc_column][\/vc_row]<\/p>\n<\/div>","protected":false},"excerpt":{"rendered":"<p>[vc_row height=&#8221;auto&#8221; bg_type=&#8221;bg_color&#8221; bg_color_value=&#8221;#efefef&#8221;][vc_column][vc_empty_space height=&#8221;20px&#8221;][vc_column_text]\u0130s Ekipmanlar\u0131n\u0131n Kullan\u0131m\u0131nda Sa\u011fl\u0131k ve G\u00fcvenlik \u015eartlar\u0131 Y\u00f6netmeli\u011fi\u2019ne g\u00f6re periyodik tezgah kontrolleri \u0130\u015f Sa\u011fl\u0131\u011f\u0131 ve G\u00fcvenli\u011fi y\u00f6n\u00fcnden uygunlu\u011fu g\u00f6z \u00f6n\u00fcne al\u0131narak teknik inceleme ve kontrol\u00fc yap\u0131l\u0131r. [\/vc_column_text][vc_empty_space height=&#8221;0px&#8221;][\/vc_column][\/vc_row][vc_row height=&#8221;auto&#8221;][vc_column][vc_column_text]Periyodik kontrol aral\u0131\u011f\u0131 ve kriterleri standartlar ile belirlenmemi\u015f i\u015f ekipmanlar\u0131n\u0131n periyodik kontrolleri, varsa imalat\u00e7\u0131n\u0131n \u00f6ng\u00f6rd\u00fc\u011f\u00fc aral\u0131k ve kriterlerde yap\u0131l\u0131r. Bu hususlar, imalat\u00e7\u0131 taraf\u0131ndan [&hellip;]<\/p>\n","protected":false},"author":1,"featured_media":0,"parent":1251,"menu_order":0,"comment_status":"closed","ping_status":"closed","template":"","meta":{"footnotes":""},"class_list":["post-1264","page","type-page","status-publish","hentry"],"_links":{"self":[{"href":"https:\/\/tahribatsizmuayene.com.tr\/index.php\/wp-json\/wp\/v2\/pages\/1264","targetHints":{"allow":["GET"]}}],"collection":[{"href":"https:\/\/tahribatsizmuayene.com.tr\/index.php\/wp-json\/wp\/v2\/pages"}],"about":[{"href":"https:\/\/tahribatsizmuayene.com.tr\/index.php\/wp-json\/wp\/v2\/types\/page"}],"author":[{"embeddable":true,"href":"https:\/\/tahribatsizmuayene.com.tr\/index.php\/wp-json\/wp\/v2\/users\/1"}],"replies":[{"embeddable":true,"href":"https:\/\/tahribatsizmuayene.com.tr\/index.php\/wp-json\/wp\/v2\/comments?post=1264"}],"version-history":[{"count":3,"href":"https:\/\/tahribatsizmuayene.com.tr\/index.php\/wp-json\/wp\/v2\/pages\/1264\/revisions"}],"predecessor-version":[{"id":1267,"href":"https:\/\/tahribatsizmuayene.com.tr\/index.php\/wp-json\/wp\/v2\/pages\/1264\/revisions\/1267"}],"up":[{"embeddable":true,"href":"https:\/\/tahribatsizmuayene.com.tr\/index.php\/wp-json\/wp\/v2\/pages\/1251"}],"wp:attachment":[{"href":"https:\/\/tahribatsizmuayene.com.tr\/index.php\/wp-json\/wp\/v2\/media?parent=1264"}],"curies":[{"name":"wp","href":"https:\/\/api.w.org\/{rel}","templated":true}]}}