{"id":1268,"date":"2025-03-11T13:50:15","date_gmt":"2025-03-11T10:50:15","guid":{"rendered":"https:\/\/tahribatsizmuayene.com.tr\/?page_id=1268"},"modified":"2025-03-14T17:07:04","modified_gmt":"2025-03-14T14:07:04","slug":"is-makinalarinin-periyodik-kontrolu","status":"publish","type":"page","link":"https:\/\/tahribatsizmuayene.com.tr\/index.php\/periyodik-kontroller\/is-makinalarinin-periyodik-kontrolu\/","title":{"rendered":"\u0130\u015e MAK\u0130NALARININ PER\u0130YOD\u0130K KONTROL\u00dc"},"content":{"rendered":"<div class=\"wpb-content-wrapper\"><p>[vc_row height=&#8221;auto&#8221; bg_type=&#8221;bg_color&#8221; bg_color_value=&#8221;#efefef&#8221;][vc_column][vc_empty_space height=&#8221;20px&#8221;][vc_column_text]Karayolunda kullan\u0131lmayan ve karayolu trafik muayenesi kapsam\u0131nda yer almayan i\u015f makinas\u0131 periyodik kontrolleri, i\u015f kazalar\u0131n\u0131n \u00f6nlenmesi, can ve mal kay\u0131plar\u0131n\u0131n \u00f6nlenmesine y\u00f6nelik \u00f6nemli rol oynamaktad\u0131r.[\/vc_column_text][vc_empty_space height=&#8221;0px&#8221;][\/vc_column][\/vc_row][vc_row height=&#8221;auto&#8221;][vc_column][vc_column_text]\u0130\u015f makinas\u0131 periyodik kontrol hizmeti TS EN 474 standartlar\u0131nda belirtilen \u015fartlara uygunluk de\u011ferlendirmesi olarak ger\u00e7ekle\u015ftirilmektedir.<\/p>\n<p><strong>SAFER TEKN\u0130K<\/strong> olarak 6331 say\u0131l\u0131 kanun \u00e7er\u00e7evesinde makine m\u00fchendislerimizce ger\u00e7ekle\u015ftirilen periyodik kontroller neticesinde, d\u00fczenlenen raporlar, i\u015f m\u00fcfetti\u015fleri ve di\u011fer denetleyici makamlar taraf\u0131ndan kabul edilmektedir.<\/p>\n<p><strong>\u0130\u015e MAK\u0130NELER\u0130 KONTROLLER\u0130M\u0130Z;<\/strong><\/p>\n<ul>\n<li>Silindir, Beton pompas\u0131<\/li>\n<li>Fore kaz\u0131k, Mini kaz\u0131k<\/li>\n<li>\u00c7ekici, \u00c7ekici dozer<\/li>\n<li>Kaz\u0131c\u0131, Kaz\u0131c\u0131 y\u00fckleyici<\/li>\n<li>Ekskavat\u00f6r<\/li>\n<li>K\u0131r\u0131c\u0131, Delici<\/li>\n<li>Sondaj<\/li>\n<li>Boru D\u00f6\u015feyici<\/li>\n<\/ul>\n<p>[\/vc_column_text][vc_empty_space height=&#8221;10px&#8221;][\/vc_column][\/vc_row]<\/p>\n<\/div>","protected":false},"excerpt":{"rendered":"<p>[vc_row height=&#8221;auto&#8221; bg_type=&#8221;bg_color&#8221; bg_color_value=&#8221;#efefef&#8221;][vc_column][vc_empty_space height=&#8221;20px&#8221;][vc_column_text]Karayolunda kullan\u0131lmayan ve karayolu trafik muayenesi kapsam\u0131nda yer almayan i\u015f makinas\u0131 periyodik kontrolleri, i\u015f kazalar\u0131n\u0131n \u00f6nlenmesi, can ve mal kay\u0131plar\u0131n\u0131n \u00f6nlenmesine y\u00f6nelik \u00f6nemli rol oynamaktad\u0131r.[\/vc_column_text][vc_empty_space height=&#8221;0px&#8221;][\/vc_column][\/vc_row][vc_row height=&#8221;auto&#8221;][vc_column][vc_column_text]\u0130\u015f makinas\u0131 periyodik kontrol hizmeti TS EN 474 standartlar\u0131nda belirtilen \u015fartlara uygunluk de\u011ferlendirmesi olarak ger\u00e7ekle\u015ftirilmektedir. SAFER TEKN\u0130K olarak 6331 say\u0131l\u0131 kanun \u00e7er\u00e7evesinde makine m\u00fchendislerimizce ger\u00e7ekle\u015ftirilen [&hellip;]<\/p>\n","protected":false},"author":1,"featured_media":0,"parent":1251,"menu_order":0,"comment_status":"closed","ping_status":"closed","template":"","meta":{"footnotes":""},"class_list":["post-1268","page","type-page","status-publish","hentry"],"_links":{"self":[{"href":"https:\/\/tahribatsizmuayene.com.tr\/index.php\/wp-json\/wp\/v2\/pages\/1268","targetHints":{"allow":["GET"]}}],"collection":[{"href":"https:\/\/tahribatsizmuayene.com.tr\/index.php\/wp-json\/wp\/v2\/pages"}],"about":[{"href":"https:\/\/tahribatsizmuayene.com.tr\/index.php\/wp-json\/wp\/v2\/types\/page"}],"author":[{"embeddable":true,"href":"https:\/\/tahribatsizmuayene.com.tr\/index.php\/wp-json\/wp\/v2\/users\/1"}],"replies":[{"embeddable":true,"href":"https:\/\/tahribatsizmuayene.com.tr\/index.php\/wp-json\/wp\/v2\/comments?post=1268"}],"version-history":[{"count":3,"href":"https:\/\/tahribatsizmuayene.com.tr\/index.php\/wp-json\/wp\/v2\/pages\/1268\/revisions"}],"predecessor-version":[{"id":1271,"href":"https:\/\/tahribatsizmuayene.com.tr\/index.php\/wp-json\/wp\/v2\/pages\/1268\/revisions\/1271"}],"up":[{"embeddable":true,"href":"https:\/\/tahribatsizmuayene.com.tr\/index.php\/wp-json\/wp\/v2\/pages\/1251"}],"wp:attachment":[{"href":"https:\/\/tahribatsizmuayene.com.tr\/index.php\/wp-json\/wp\/v2\/media?parent=1268"}],"curies":[{"name":"wp","href":"https:\/\/api.w.org\/{rel}","templated":true}]}}