{"id":1278,"date":"2025-03-11T14:00:20","date_gmt":"2025-03-11T11:00:20","guid":{"rendered":"https:\/\/tahribatsizmuayene.com.tr\/?page_id=1278"},"modified":"2025-05-02T15:49:31","modified_gmt":"2025-05-02T12:49:31","slug":"ultrasonik-muayene-ut","status":"publish","type":"page","link":"https:\/\/tahribatsizmuayene.com.tr\/index.php\/tahribatsiz-muayene-ndt\/ultrasonik-muayene-ut\/","title":{"rendered":"ULTRASON\u0130K MUAYENE (UT)"},"content":{"rendered":"<div class=\"wpb-content-wrapper\"><p>[vc_row full_width=&#8221;stretch_row_content_no_spaces&#8221; css=&#8221;.vc_custom_1746190170546{margin-top: -50px !important;background-image: url(https:\/\/tahribatsizmuayene.com.tr\/wp-content\/uploads\/2025\/05\/ULTRASONIK-MUAYENE-UT-BANNER.jpg?id=24424) !important;}&#8221; conditional_render=&#8221;%5B%7B%22value_role%22%3A%22administrator%22%7D%5D&#8221; css_params=&#8221;&#8221;][vc_column offset=&#8221;vc_hidden-md vc_hidden-sm vc_hidden-xs&#8221; conditional_render=&#8221;%5B%7B%22value_role%22%3A%22administrator%22%7D%5D&#8221; css_params=&#8221;&#8221;][vc_empty_space height=&#8221;290px&#8221; css_params=&#8221;&#8221;][\/vc_column][\/vc_row][vc_row][vc_column][vc_column_text]Ultrasonik Muayene (UT), malzemelerin i\u00e7 yap\u0131s\u0131ndaki kusur ve s\u00fcreksizlikleri tespit etmek amac\u0131yla y\u00fcksek frekansl\u0131 ses dalgalar\u0131n\u0131n kullan\u0131ld\u0131\u011f\u0131 bir tahribats\u0131z muayene y\u00f6ntemidir. Bu teknik, \u00f6zellikle metalik ve metalik olmayan malzemelerdeki hacimsel hatalar\u0131n ve y\u00fczey \u00e7atlaklar\u0131n\u0131n belirlenmesinde etkilidir.[\/vc_column_text][vc_custom_heading text=&#8221;Ultrasonik Muayenenin Temel Prensibi&#8221; font_container=&#8221;tag:h3|text_align:left&#8221; google_fonts=&#8221;font_family:Roboto%3A100%2C100italic%2C300%2C300italic%2Cregular%2Citalic%2C500%2C500italic%2C700%2C700italic%2C900%2C900italic|font_style:400%20regular%3A400%3Anormal&#8221;][vc_column_text]Bu y\u00f6ntemde, prob ad\u0131 verilen cihazlar arac\u0131l\u0131\u011f\u0131yla malzeme i\u00e7ine y\u00fcksek frekansl\u0131 ses dalgalar\u0131 g\u00f6nderilir. Ses dalgalar\u0131, malzeme i\u00e7inde ilerlerken bir engele veya kusura \u00e7arpt\u0131\u011f\u0131nda yans\u0131r. Yans\u0131yan sinyaller, prob taraf\u0131ndan alg\u0131lanarak ultrasonik muayene cihaz\u0131n\u0131n ekran\u0131nda yank\u0131 (eko) olarak g\u00f6r\u00fcnt\u00fclenir. Bu yank\u0131lar\u0131n konumu ve genli\u011fi, kusurun yerini ve boyutunu belirlemeye yard\u0131mc\u0131 olur.[\/vc_column_text][vc_custom_heading text=&#8221;Uygulama Alanlar\u0131&#8221; font_container=&#8221;tag:h3|text_align:left&#8221; google_fonts=&#8221;font_family:Roboto%3A100%2C100italic%2C300%2C300italic%2Cregular%2Citalic%2C500%2C500italic%2C700%2C700italic%2C900%2C900italic|font_style:400%20regular%3A400%3Anormal&#8221;][vc_column_text]<strong>Ultrasonik muayene<\/strong>, \u00e7e\u015fitli end\u00fcstrilerde geni\u015f bir uygulama yelpazesine sahiptir:<\/p>\n<ul>\n<li><strong>Kaynakl\u0131 \u0130malatlar<\/strong>: Kaynakl\u0131 ba\u011flant\u0131lardaki i\u00e7 kusurlar\u0131n tespiti.<\/li>\n<li><strong>D\u00f6k\u00fcm ve D\u00f6vme:<\/strong> D\u00f6k\u00fcm par\u00e7alar ve d\u00f6vme i\u015flemlerindeki kusurlar\u0131n tespiti.<\/li>\n<li><strong>Bas\u0131n\u00e7l\u0131 Kaplar ve Boru Hatlar\u0131<\/strong>: \u0130\u00e7 yap\u0131daki \u00e7atlaklar ve korozyon gibi kusurlar\u0131n belirlenmesi.<\/li>\n<li><strong>Havac\u0131l\u0131k ve Otomotiv Sekt\u00f6r\u00fc<\/strong>: Kritik par\u00e7alardaki i\u00e7sel kusurlar\u0131n tespiti.<\/li>\n<li><strong>Enerji Santralleri<\/strong>: Ekipmanlar\u0131n d\u00fczenli bak\u0131m ve g\u00fcvenlik kontrolleri.<\/li>\n<\/ul>\n<p>[\/vc_column_text][vc_custom_heading text=&#8221;Avantajlar\u0131&#8221; font_container=&#8221;tag:h3|text_align:left&#8221; google_fonts=&#8221;font_family:Roboto%3A100%2C100italic%2C300%2C300italic%2Cregular%2Citalic%2C500%2C500italic%2C700%2C700italic%2C900%2C900italic|font_style:400%20regular%3A400%3Anormal&#8221;][vc_column_text]<\/p>\n<ul>\n<li><strong>Derin N\u00fcfuz Etme Yetene\u011fi<\/strong>: Kal\u0131n malzemelerde bile derinlemesine inceleme yapabilme.<\/li>\n<li><strong>Hassasiyet<\/strong>: K\u00fc\u00e7\u00fck boyutlu kusurlar\u0131 dahi tespit edebilme.<\/li>\n<li><strong>Tek Tarafl\u0131 Eri\u015fim<\/strong>: Malzemenin sadece bir y\u00fczeyine eri\u015fim ile muayene yapabilme.<\/li>\n<li><strong>An\u0131nda Sonu\u00e7<\/strong>: Muayene sonu\u00e7lar\u0131n\u0131n hemen elde edilebilmesi.<\/li>\n<\/ul>\n<p>[\/vc_column_text][vc_custom_heading text=&#8221;S\u0131n\u0131rlamalar\u0131&#8221; font_container=&#8221;tag:h3|text_align:left&#8221; google_fonts=&#8221;font_family:Roboto%3A100%2C100italic%2C300%2C300italic%2Cregular%2Citalic%2C500%2C500italic%2C700%2C700italic%2C900%2C900italic|font_style:400%20regular%3A400%3Anormal&#8221;][vc_column_text]<\/p>\n<ul>\n<li><strong>Y\u00fczey Haz\u0131rl\u0131\u011f\u0131<\/strong>: Do\u011fru sonu\u00e7lar i\u00e7in muayene y\u00fczeyinin uygun \u015fekilde haz\u0131rlanmas\u0131 gereklidir.<\/li>\n<li><strong>Malzeme \u00d6zellikleri<\/strong>: \u0130ri taneli yap\u0131ya sahip veya y\u00fcksek ses zay\u0131flamas\u0131 olan malzemelerde muayene zorluklar\u0131 ya\u015fanabilir.<\/li>\n<li><strong>Operat\u00f6r Yetkinli\u011fi<\/strong>: Do\u011fru de\u011ferlendirme i\u00e7in deneyimli ve sertifikal\u0131 personel gereklidir.<\/li>\n<\/ul>\n<p>[\/vc_column_text][vc_column_text]Ultrasonik muayene, end\u00fcstriyel kalite kontrol ve g\u00fcvenlik s\u00fcre\u00e7lerinde kritik bir rol oynar. Do\u011fru uyguland\u0131\u011f\u0131nda, malzemelerin i\u00e7 yap\u0131s\u0131ndaki kusurlar\u0131n tespitinde y\u00fcksek hassasiyet ve g\u00fcvenilirlik sa\u011flar. Bu nedenle, ilgili standartlara uygun e\u011fitim alm\u0131\u015f uzman personel taraf\u0131ndan ger\u00e7ekle\u015ftirilmesi \u00f6nem ta\u015f\u0131r.[\/vc_column_text][\/vc_column][\/vc_row][vc_row][vc_column]<div class=\"porto-gallery has-ccols ccols-1 has-ccols-spacing ccols-sm-2 ccols-md-3 ccols-lg-4 wpb_custom_7087282f45ebda4c1aca5cdb7af69eb5 porto-carousel owl-carousel align-items-start lightbox\" data-plugin-options=\"{&quot;autoplayTimeout&quot;:5000,&quot;items&quot;:4,&quot;xl&quot;:4,&quot;lg&quot;:4,&quot;md&quot;:3,&quot;sm&quot;:2,&quot;xs&quot;:1,&quot;nav&quot;:true,&quot;dots&quot;:false,&quot;margin&quot;:10}\" data-lightbox-options=\"{&quot;delegate&quot;:&quot;a&quot;,&quot;mainClass&quot;:&quot;mfp-with-zoom&quot;,&quot;zoom&quot;:{&quot;enabled&quot;:true,&quot;duration&quot;:300},&quot;gallery&quot;:{&quot;enabled&quot;:true},&quot;type&quot;:&quot;image&quot;}\"><a href=\"https:\/\/tahribatsizmuayene.com.tr\/wp-content\/uploads\/2025\/05\/ULTRASONIK-MUAYENE-UT-6.jpg\"><figure><img loading=\"lazy\" decoding=\"async\" width=\"500\" height=\"667\" src=\"https:\/\/tahribatsizmuayene.com.tr\/wp-content\/uploads\/2025\/05\/ULTRASONIK-MUAYENE-UT-6.jpg\" class=\"attachment-full size-full\" alt=\"\" srcset=\"https:\/\/tahribatsizmuayene.com.tr\/wp-content\/uploads\/2025\/05\/ULTRASONIK-MUAYENE-UT-6.jpg 500w, https:\/\/tahribatsizmuayene.com.tr\/wp-content\/uploads\/2025\/05\/ULTRASONIK-MUAYENE-UT-6-400x534.jpg 400w, https:\/\/tahribatsizmuayene.com.tr\/wp-content\/uploads\/2025\/05\/ULTRASONIK-MUAYENE-UT-6-367x490.jpg 367w\" sizes=\"auto, (max-width: 500px) 100vw, 500px\" \/><\/figure><\/a><a href=\"https:\/\/tahribatsizmuayene.com.tr\/wp-content\/uploads\/2025\/05\/ULTRASONIK-MUAYENE-UT-4.jpg\"><figure><img loading=\"lazy\" decoding=\"async\" width=\"500\" height=\"667\" src=\"https:\/\/tahribatsizmuayene.com.tr\/wp-content\/uploads\/2025\/05\/ULTRASONIK-MUAYENE-UT-4.jpg\" class=\"attachment-full size-full\" alt=\"\" srcset=\"https:\/\/tahribatsizmuayene.com.tr\/wp-content\/uploads\/2025\/05\/ULTRASONIK-MUAYENE-UT-4.jpg 500w, https:\/\/tahribatsizmuayene.com.tr\/wp-content\/uploads\/2025\/05\/ULTRASONIK-MUAYENE-UT-4-400x534.jpg 400w, https:\/\/tahribatsizmuayene.com.tr\/wp-content\/uploads\/2025\/05\/ULTRASONIK-MUAYENE-UT-4-367x490.jpg 367w\" sizes=\"auto, (max-width: 500px) 100vw, 500px\" \/><\/figure><\/a><a href=\"https:\/\/tahribatsizmuayene.com.tr\/wp-content\/uploads\/2025\/05\/ULTRASONIK-MUAYENE-UT-9.jpg\"><figure><img loading=\"lazy\" decoding=\"async\" width=\"500\" height=\"667\" src=\"https:\/\/tahribatsizmuayene.com.tr\/wp-content\/uploads\/2025\/05\/ULTRASONIK-MUAYENE-UT-9.jpg\" class=\"attachment-full size-full\" alt=\"\" srcset=\"https:\/\/tahribatsizmuayene.com.tr\/wp-content\/uploads\/2025\/05\/ULTRASONIK-MUAYENE-UT-9.jpg 500w, https:\/\/tahribatsizmuayene.com.tr\/wp-content\/uploads\/2025\/05\/ULTRASONIK-MUAYENE-UT-9-400x534.jpg 400w, https:\/\/tahribatsizmuayene.com.tr\/wp-content\/uploads\/2025\/05\/ULTRASONIK-MUAYENE-UT-9-367x490.jpg 367w\" sizes=\"auto, (max-width: 500px) 100vw, 500px\" \/><\/figure><\/a><a href=\"https:\/\/tahribatsizmuayene.com.tr\/wp-content\/uploads\/2025\/05\/ULTRASONIK-MUAYENE-UT-10.jpg\"><figure><img loading=\"lazy\" decoding=\"async\" width=\"500\" height=\"667\" src=\"https:\/\/tahribatsizmuayene.com.tr\/wp-content\/uploads\/2025\/05\/ULTRASONIK-MUAYENE-UT-10.jpg\" class=\"attachment-full size-full\" alt=\"\" srcset=\"https:\/\/tahribatsizmuayene.com.tr\/wp-content\/uploads\/2025\/05\/ULTRASONIK-MUAYENE-UT-10.jpg 500w, https:\/\/tahribatsizmuayene.com.tr\/wp-content\/uploads\/2025\/05\/ULTRASONIK-MUAYENE-UT-10-400x534.jpg 400w, https:\/\/tahribatsizmuayene.com.tr\/wp-content\/uploads\/2025\/05\/ULTRASONIK-MUAYENE-UT-10-367x490.jpg 367w\" sizes=\"auto, (max-width: 500px) 100vw, 500px\" \/><\/figure><\/a><\/div>[\/vc_column][\/vc_row]<\/p>\n<\/div>","protected":false},"excerpt":{"rendered":"<p>[vc_row full_width=&#8221;stretch_row_content_no_spaces&#8221; css=&#8221;.vc_custom_1746190170546{margin-top: -50px !important;background-image: url(https:\/\/tahribatsizmuayene.com.tr\/wp-content\/uploads\/2025\/05\/ULTRASONIK-MUAYENE-UT-BANNER.jpg?id=24424) !important;}&#8221; conditional_render=&#8221;%5B%7B%22value_role%22%3A%22administrator%22%7D%5D&#8221; css_params=&#8221;&#8221;][vc_column offset=&#8221;vc_hidden-md vc_hidden-sm vc_hidden-xs&#8221; conditional_render=&#8221;%5B%7B%22value_role%22%3A%22administrator%22%7D%5D&#8221; css_params=&#8221;&#8221;][vc_empty_space height=&#8221;290px&#8221; css_params=&#8221;&#8221;][\/vc_column][\/vc_row][vc_row][vc_column][vc_column_text]Ultrasonik Muayene (UT), malzemelerin i\u00e7 yap\u0131s\u0131ndaki kusur ve s\u00fcreksizlikleri tespit etmek amac\u0131yla y\u00fcksek frekansl\u0131 ses dalgalar\u0131n\u0131n kullan\u0131ld\u0131\u011f\u0131 bir tahribats\u0131z muayene y\u00f6ntemidir. Bu teknik, \u00f6zellikle metalik ve metalik olmayan malzemelerdeki hacimsel hatalar\u0131n ve y\u00fczey \u00e7atlaklar\u0131n\u0131n belirlenmesinde etkilidir.[\/vc_column_text][vc_custom_heading text=&#8221;Ultrasonik Muayenenin Temel Prensibi&#8221; [&hellip;]<\/p>\n","protected":false},"author":1,"featured_media":0,"parent":1276,"menu_order":0,"comment_status":"closed","ping_status":"closed","template":"","meta":{"footnotes":""},"class_list":["post-1278","page","type-page","status-publish","hentry"],"_links":{"self":[{"href":"https:\/\/tahribatsizmuayene.com.tr\/index.php\/wp-json\/wp\/v2\/pages\/1278","targetHints":{"allow":["GET"]}}],"collection":[{"href":"https:\/\/tahribatsizmuayene.com.tr\/index.php\/wp-json\/wp\/v2\/pages"}],"about":[{"href":"https:\/\/tahribatsizmuayene.com.tr\/index.php\/wp-json\/wp\/v2\/types\/page"}],"author":[{"embeddable":true,"href":"https:\/\/tahribatsizmuayene.com.tr\/index.php\/wp-json\/wp\/v2\/users\/1"}],"replies":[{"embeddable":true,"href":"https:\/\/tahribatsizmuayene.com.tr\/index.php\/wp-json\/wp\/v2\/comments?post=1278"}],"version-history":[{"count":7,"href":"https:\/\/tahribatsizmuayene.com.tr\/index.php\/wp-json\/wp\/v2\/pages\/1278\/revisions"}],"predecessor-version":[{"id":24425,"href":"https:\/\/tahribatsizmuayene.com.tr\/index.php\/wp-json\/wp\/v2\/pages\/1278\/revisions\/24425"}],"up":[{"embeddable":true,"href":"https:\/\/tahribatsizmuayene.com.tr\/index.php\/wp-json\/wp\/v2\/pages\/1276"}],"wp:attachment":[{"href":"https:\/\/tahribatsizmuayene.com.tr\/index.php\/wp-json\/wp\/v2\/media?parent=1278"}],"curies":[{"name":"wp","href":"https:\/\/api.w.org\/{rel}","templated":true}]}}