{"id":1281,"date":"2025-03-11T14:02:20","date_gmt":"2025-03-11T11:02:20","guid":{"rendered":"https:\/\/tahribatsizmuayene.com.tr\/?page_id=1281"},"modified":"2025-05-02T13:51:45","modified_gmt":"2025-05-02T10:51:45","slug":"manyetik-parcacik-muayenesi-mt","status":"publish","type":"page","link":"https:\/\/tahribatsizmuayene.com.tr\/index.php\/tahribatsiz-muayene-ndt\/manyetik-parcacik-muayenesi-mt\/","title":{"rendered":"MANYET\u0130K PAR\u00c7ACIK MUAYENES\u0130 (MT)"},"content":{"rendered":"<div class=\"wpb-content-wrapper\"><p>[vc_row full_width=&#8221;stretch_row_content_no_spaces&#8221; css=&#8221;.vc_custom_1746182542580{margin-top: -50px !important;background-image: url(https:\/\/tahribatsizmuayene.com.tr\/wp-content\/uploads\/2025\/05\/magnetic-particle-testing-safer-tech.jpg?id=24380) !important;}&#8221; conditional_render=&#8221;%5B%7B%22value_role%22%3A%22administrator%22%7D%5D&#8221; css_params=&#8221;&#8221;][vc_column offset=&#8221;vc_hidden-md vc_hidden-sm vc_hidden-xs&#8221; conditional_render=&#8221;%5B%7B%22value_role%22%3A%22administrator%22%7D%5D&#8221; css_params=&#8221;&#8221;][vc_empty_space height=&#8221;290px&#8221; css_params=&#8221;&#8221;][\/vc_column][\/vc_row][vc_row][vc_column][vc_column_text]Ferromanyetik malzemelerde y\u00fczey ve y\u00fczeye yak\u0131n s\u00fcreksizliklerin tespitinde kullan\u0131lan etkili bir tahribats\u0131z muayene y\u00f6ntemidir.[\/vc_column_text][vc_custom_heading text=&#8221;\u00c7al\u0131\u015fma Prensibi&#8221; font_container=&#8221;tag:h3|text_align:left&#8221; google_fonts=&#8221;font_family:Roboto%3A100%2C100italic%2C300%2C300italic%2Cregular%2Citalic%2C500%2C500italic%2C700%2C700italic%2C900%2C900italic|font_style:400%20regular%3A400%3Anormal&#8221;][vc_column_text]Bu y\u00f6ntemde, test edilecek par\u00e7a manyetize edilir. E\u011fer malzeme y\u00fczeyinde veya y\u00fczeye yak\u0131n bir s\u00fcreksizlik (\u00f6rne\u011fin, \u00e7atlak) varsa, manyetik ak\u0131 bu b\u00f6lgede bozulur ve y\u00fczeyde bir ka\u00e7ak ak\u0131 olu\u015fur. Bu ka\u00e7ak ak\u0131 b\u00f6lgelerine uygulanan ferromanyetik par\u00e7ac\u0131klar (toz veya s\u0131v\u0131 formda) birikerek, s\u00fcreksizliklerin g\u00f6rsel olarak tespit edilmesini sa\u011flar[\/vc_column_text][vc_custom_heading text=&#8221;Uygulama Alanlar\u0131&#8221; font_container=&#8221;tag:h3|text_align:left&#8221; google_fonts=&#8221;font_family:Roboto%3A100%2C100italic%2C300%2C300italic%2Cregular%2Citalic%2C500%2C500italic%2C700%2C700italic%2C900%2C900italic|font_style:400%20regular%3A400%3Anormal&#8221;][vc_column_text]Manyetik Par\u00e7ac\u0131k Muayenesi, \u00f6zellikle otomotiv, havac\u0131l\u0131k, imalat ve enerji sekt\u00f6rlerinde yayg\u0131n olarak kullan\u0131l\u0131r. Kaynakl\u0131 ba\u011flant\u0131lar, d\u00f6k\u00fcm ve d\u00f6vme par\u00e7alar gibi ferromanyetik \u00f6zellik g\u00f6steren malzemelerin kontrol\u00fcnde tercih edilir.[\/vc_column_text][vc_custom_heading text=&#8221;Avantajlar\u0131&#8221; font_container=&#8221;tag:h3|text_align:left&#8221; google_fonts=&#8221;font_family:Roboto%3A100%2C100italic%2C300%2C300italic%2Cregular%2Citalic%2C500%2C500italic%2C700%2C700italic%2C900%2C900italic|font_style:400%20regular%3A400%3Anormal&#8221;][vc_column_text]<\/p>\n<ul>\n<li><strong>H\u0131zl\u0131 ve Etkili<\/strong>: Di\u011fer tahribats\u0131z muayene y\u00f6ntemlerine g\u00f6re daha h\u0131zl\u0131 sonu\u00e7 verir.<\/li>\n<li><strong>Maliyet Etkin<\/strong>: D\u00fc\u015f\u00fck test maliyeti ile ekonomik bir \u00e7\u00f6z\u00fcmd\u00fcr.<\/li>\n<li><strong>Y\u00fczey Haz\u0131rl\u0131\u011f\u0131 Gereksinimi Azd\u0131r<\/strong>: Genellikle kapsaml\u0131 bir y\u00fczey haz\u0131rl\u0131\u011f\u0131 gerektirmez.<\/li>\n<li><strong>Ta\u015f\u0131nabilirlik<\/strong>: Portatif ekipmanlarla saha ko\u015fullar\u0131nda kolayca uygulanabilir<\/li>\n<\/ul>\n<p>[\/vc_column_text][vc_custom_heading text=&#8221;S\u0131n\u0131rlamalar\u0131&#8221; font_container=&#8221;tag:h3|text_align:left&#8221; google_fonts=&#8221;font_family:Roboto%3A100%2C100italic%2C300%2C300italic%2Cregular%2Citalic%2C500%2C500italic%2C700%2C700italic%2C900%2C900italic|font_style:400%20regular%3A400%3Anormal&#8221;][vc_column_text]<\/p>\n<ul>\n<li><strong>Malzeme T\u00fcr\u00fc<\/strong>: Sadece ferromanyetik malzemelere uygulanabilir.<\/li>\n<li><strong>Derinlik S\u0131n\u0131rlamas\u0131<\/strong>: Y\u00fczey ve y\u00fczeye yak\u0131n s\u00fcreksizlikleri tespit edebilir; daha derin kusurlar i\u00e7in uygun de\u011fildir.<\/li>\n<li><strong>Y\u00fczey Ko\u015fullar\u0131<\/strong>: P\u00fcr\u00fczl\u00fc y\u00fczeyler veya kal\u0131n boya kaplamalar\u0131 testin hassasiyetini olumsuz etkileyebilir.<\/li>\n<\/ul>\n<p>[\/vc_column_text][vc_column_text]Manyetik Par\u00e7ac\u0131k Muayenesi, ferromanyetik malzemelerde y\u00fczey ve y\u00fczeye yak\u0131n kusurlar\u0131n h\u0131zl\u0131 ve g\u00fcvenilir bir \u015fekilde tespiti i\u00e7in ideal bir y\u00f6ntemdir. Uygulama kolayl\u0131\u011f\u0131 ve maliyet etkinli\u011fi sayesinde end\u00fcstride geni\u015f bir kullan\u0131m alan\u0131na sahiptir.[\/vc_column_text][\/vc_column][\/vc_row][vc_row][vc_column]<style scope=\"scope\">.wpb_custom_9e39ed4c0da904bbec846477fdd33902 .grid-col-1-2{ flex: 0 0 auto; width: 50%; }.wpb_custom_9e39ed4c0da904bbec846477fdd33902 .grid-col-1-4{ flex: 0 0 auto; width: 25%; }.wpb_custom_9e39ed4c0da904bbec846477fdd33902 .grid-col-sizer { flex: 0 0 auto; width: 25% }.wpb_custom_9e39ed4c0da904bbec846477fdd33902 .grid-height-2-3{ height: 400px }.wpb_custom_9e39ed4c0da904bbec846477fdd33902 .grid-height-1{ height: 600px }.wpb_custom_9e39ed4c0da904bbec846477fdd33902 .grid-height-1-3{ height: 200px }@media (max-width: 1169px) {.wpb_custom_9e39ed4c0da904bbec846477fdd33902 .grid-col-lg-1-2{ flex: 0 0 auto; width: 50%; }.wpb_custom_9e39ed4c0da904bbec846477fdd33902 .grid-col-sizer { flex: 0 0 50%; width: 50% }}@media (max-width: 767px) {.wpb_custom_9e39ed4c0da904bbec846477fdd33902 .grid-col-md-1{ flex: 0 0 auto; width: 100%; }.wpb_custom_9e39ed4c0da904bbec846477fdd33902 .grid-col-md-1-2{ flex: 0 0 auto; width: 50%; }.wpb_custom_9e39ed4c0da904bbec846477fdd33902 .grid-col-sizer { flex: 0 0 50%; width: 50% }.wpb_custom_9e39ed4c0da904bbec846477fdd33902 .grid-height-2-3{ height: 267px; }.wpb_custom_9e39ed4c0da904bbec846477fdd33902 .grid-height-1{ height: 400px; }.wpb_custom_9e39ed4c0da904bbec846477fdd33902 .grid-height-1-3{ height: 133px; }}@media (max-width: 480px) {.wpb_custom_9e39ed4c0da904bbec846477fdd33902 a { flex: 0 0 auto; width: 100%; }}<\/style><div class=\"porto-gallery has-ccols ccols-1 has-ccols-spacing ccols-sm-2 ccols-md-3 ccols-lg-4 wpb_custom_9e39ed4c0da904bbec846477fdd33902 porto-gallery-creative porto-preset-layout lightbox\" data-plugin-masonry data-plugin-options=\"{&quot;layoutMode&quot;:&quot;masonry&quot;,&quot;itemSelector&quot;:&quot;a&quot;,&quot;masonry&quot;:{&quot;columnWidth&quot;:&quot;.grid-col-sizer&quot;},&quot;animationEngine&quot;:&quot;best-available&quot;,&quot;resizable&quot;:false}\" data-lightbox-options=\"{&quot;delegate&quot;:&quot;a&quot;,&quot;mainClass&quot;:&quot;mfp-with-zoom&quot;,&quot;zoom&quot;:{&quot;enabled&quot;:true,&quot;duration&quot;:300},&quot;gallery&quot;:{&quot;enabled&quot;:true},&quot;type&quot;:&quot;image&quot;}\"><a class=\" grid-col-1-2 grid-col-md-1 grid-col-lg-1-2 grid-height-2-3\" href=\"https:\/\/tahribatsizmuayene.com.tr\/wp-content\/uploads\/2025\/05\/MANYETIK-PARCACIK-MUAYENESI-MT-4.jpg\"><figure><img loading=\"lazy\" decoding=\"async\" width=\"501\" height=\"667\" src=\"https:\/\/tahribatsizmuayene.com.tr\/wp-content\/uploads\/2025\/05\/MANYETIK-PARCACIK-MUAYENESI-MT-4.jpg\" class=\"attachment-large size-large\" alt=\"\" srcset=\"https:\/\/tahribatsizmuayene.com.tr\/wp-content\/uploads\/2025\/05\/MANYETIK-PARCACIK-MUAYENESI-MT-4.jpg 501w, https:\/\/tahribatsizmuayene.com.tr\/wp-content\/uploads\/2025\/05\/MANYETIK-PARCACIK-MUAYENESI-MT-4-400x533.jpg 400w, https:\/\/tahribatsizmuayene.com.tr\/wp-content\/uploads\/2025\/05\/MANYETIK-PARCACIK-MUAYENESI-MT-4-367x489.jpg 367w\" sizes=\"auto, (max-width: 501px) 100vw, 501px\" \/><\/figure><\/a><a class=\" grid-col-1-4 grid-col-md-1-2 grid-col-lg-1-2 grid-height-2-3\" href=\"https:\/\/tahribatsizmuayene.com.tr\/wp-content\/uploads\/2025\/05\/MANYETIK-PARCACIK-MUAYENESI-MT-2.jpg\"><figure><img loading=\"lazy\" decoding=\"async\" width=\"400\" height=\"300\" src=\"https:\/\/tahribatsizmuayene.com.tr\/wp-content\/uploads\/2025\/05\/MANYETIK-PARCACIK-MUAYENESI-MT-2-400x300.jpg\" class=\"attachment-blog-masonry-small size-blog-masonry-small\" alt=\"\" srcset=\"https:\/\/tahribatsizmuayene.com.tr\/wp-content\/uploads\/2025\/05\/MANYETIK-PARCACIK-MUAYENESI-MT-2-400x300.jpg 400w, https:\/\/tahribatsizmuayene.com.tr\/wp-content\/uploads\/2025\/05\/MANYETIK-PARCACIK-MUAYENESI-MT-2-367x275.jpg 367w\" sizes=\"auto, (max-width: 400px) 100vw, 400px\" \/><\/figure><\/a><a class=\" grid-col-1-4 grid-col-md-1-2 grid-col-lg-1-2 grid-height-1\" href=\"https:\/\/tahribatsizmuayene.com.tr\/wp-content\/uploads\/2025\/05\/MANYETIK-PARCACIK-MUAYENESI-MT-1.jpg\"><figure><img loading=\"lazy\" decoding=\"async\" width=\"501\" height=\"667\" src=\"https:\/\/tahribatsizmuayene.com.tr\/wp-content\/uploads\/2025\/05\/MANYETIK-PARCACIK-MUAYENESI-MT-1.jpg\" class=\"attachment-blog-masonry size-blog-masonry\" alt=\"\" srcset=\"https:\/\/tahribatsizmuayene.com.tr\/wp-content\/uploads\/2025\/05\/MANYETIK-PARCACIK-MUAYENESI-MT-1.jpg 501w, https:\/\/tahribatsizmuayene.com.tr\/wp-content\/uploads\/2025\/05\/MANYETIK-PARCACIK-MUAYENESI-MT-1-400x533.jpg 400w, https:\/\/tahribatsizmuayene.com.tr\/wp-content\/uploads\/2025\/05\/MANYETIK-PARCACIK-MUAYENESI-MT-1-367x489.jpg 367w\" sizes=\"auto, (max-width: 501px) 100vw, 501px\" \/><\/figure><\/a><a class=\" grid-col-1-4 grid-col-md-1-2 grid-col-lg-1-2 grid-height-1-3\" href=\"https:\/\/tahribatsizmuayene.com.tr\/wp-content\/uploads\/2025\/05\/MANYETIK-PARCACIK-MUAYENESI-MT-3.jpg\"><figure><img loading=\"lazy\" decoding=\"async\" width=\"400\" height=\"300\" src=\"https:\/\/tahribatsizmuayene.com.tr\/wp-content\/uploads\/2025\/05\/MANYETIK-PARCACIK-MUAYENESI-MT-3-400x300.jpg\" class=\"attachment-blog-grid-small size-blog-grid-small\" alt=\"\" srcset=\"https:\/\/tahribatsizmuayene.com.tr\/wp-content\/uploads\/2025\/05\/MANYETIK-PARCACIK-MUAYENESI-MT-3-400x300.jpg 400w, https:\/\/tahribatsizmuayene.com.tr\/wp-content\/uploads\/2025\/05\/MANYETIK-PARCACIK-MUAYENESI-MT-3-367x275.jpg 367w\" sizes=\"auto, (max-width: 400px) 100vw, 400px\" \/><\/figure><\/a><a class=\" grid-col-1-4 grid-col-md-1-2 grid-col-lg-1-2 grid-height-1-3\" href=\"https:\/\/tahribatsizmuayene.com.tr\/wp-content\/uploads\/2025\/05\/MANYETIK-PARCACIK-MUAYENESI-MT-7.jpg\"><figure><img loading=\"lazy\" decoding=\"async\" width=\"400\" height=\"300\" src=\"https:\/\/tahribatsizmuayene.com.tr\/wp-content\/uploads\/2025\/05\/MANYETIK-PARCACIK-MUAYENESI-MT-7-400x300.jpg\" class=\"attachment-blog-grid-small size-blog-grid-small\" alt=\"\" \/><\/figure><\/a><a class=\" grid-col-1-4 grid-col-md-1-2 grid-col-lg-1-2 grid-height-1-3\" href=\"https:\/\/tahribatsizmuayene.com.tr\/wp-content\/uploads\/2025\/05\/MANYETIK-PARCACIK-MUAYENESI-MT-6.jpg\"><figure><img loading=\"lazy\" decoding=\"async\" width=\"400\" height=\"300\" src=\"https:\/\/tahribatsizmuayene.com.tr\/wp-content\/uploads\/2025\/05\/MANYETIK-PARCACIK-MUAYENESI-MT-6-400x300.jpg\" class=\"attachment-blog-grid-small size-blog-grid-small\" alt=\"\" \/><\/figure><\/a><figure class=\"grid-col-sizer\"><\/figure><\/div>[\/vc_column][\/vc_row]<\/p>\n<\/div>","protected":false},"excerpt":{"rendered":"<p>[vc_row full_width=&#8221;stretch_row_content_no_spaces&#8221; css=&#8221;.vc_custom_1746182542580{margin-top: -50px !important;background-image: url(https:\/\/tahribatsizmuayene.com.tr\/wp-content\/uploads\/2025\/05\/magnetic-particle-testing-safer-tech.jpg?id=24380) !important;}&#8221; conditional_render=&#8221;%5B%7B%22value_role%22%3A%22administrator%22%7D%5D&#8221; css_params=&#8221;&#8221;][vc_column offset=&#8221;vc_hidden-md vc_hidden-sm vc_hidden-xs&#8221; conditional_render=&#8221;%5B%7B%22value_role%22%3A%22administrator%22%7D%5D&#8221; css_params=&#8221;&#8221;][vc_empty_space height=&#8221;290px&#8221; css_params=&#8221;&#8221;][\/vc_column][\/vc_row][vc_row][vc_column][vc_column_text]Ferromanyetik malzemelerde y\u00fczey ve y\u00fczeye yak\u0131n s\u00fcreksizliklerin tespitinde kullan\u0131lan etkili bir tahribats\u0131z muayene y\u00f6ntemidir.[\/vc_column_text][vc_custom_heading text=&#8221;\u00c7al\u0131\u015fma Prensibi&#8221; font_container=&#8221;tag:h3|text_align:left&#8221; google_fonts=&#8221;font_family:Roboto%3A100%2C100italic%2C300%2C300italic%2Cregular%2Citalic%2C500%2C500italic%2C700%2C700italic%2C900%2C900italic|font_style:400%20regular%3A400%3Anormal&#8221;][vc_column_text]Bu y\u00f6ntemde, test edilecek par\u00e7a manyetize edilir. E\u011fer malzeme y\u00fczeyinde veya y\u00fczeye yak\u0131n bir s\u00fcreksizlik (\u00f6rne\u011fin, \u00e7atlak) varsa, manyetik ak\u0131 bu b\u00f6lgede bozulur [&hellip;]<\/p>\n","protected":false},"author":1,"featured_media":0,"parent":1276,"menu_order":0,"comment_status":"closed","ping_status":"closed","template":"","meta":{"footnotes":""},"class_list":["post-1281","page","type-page","status-publish","hentry"],"_links":{"self":[{"href":"https:\/\/tahribatsizmuayene.com.tr\/index.php\/wp-json\/wp\/v2\/pages\/1281","targetHints":{"allow":["GET"]}}],"collection":[{"href":"https:\/\/tahribatsizmuayene.com.tr\/index.php\/wp-json\/wp\/v2\/pages"}],"about":[{"href":"https:\/\/tahribatsizmuayene.com.tr\/index.php\/wp-json\/wp\/v2\/types\/page"}],"author":[{"embeddable":true,"href":"https:\/\/tahribatsizmuayene.com.tr\/index.php\/wp-json\/wp\/v2\/users\/1"}],"replies":[{"embeddable":true,"href":"https:\/\/tahribatsizmuayene.com.tr\/index.php\/wp-json\/wp\/v2\/comments?post=1281"}],"version-history":[{"count":13,"href":"https:\/\/tahribatsizmuayene.com.tr\/index.php\/wp-json\/wp\/v2\/pages\/1281\/revisions"}],"predecessor-version":[{"id":24396,"href":"https:\/\/tahribatsizmuayene.com.tr\/index.php\/wp-json\/wp\/v2\/pages\/1281\/revisions\/24396"}],"up":[{"embeddable":true,"href":"https:\/\/tahribatsizmuayene.com.tr\/index.php\/wp-json\/wp\/v2\/pages\/1276"}],"wp:attachment":[{"href":"https:\/\/tahribatsizmuayene.com.tr\/index.php\/wp-json\/wp\/v2\/media?parent=1281"}],"curies":[{"name":"wp","href":"https:\/\/api.w.org\/{rel}","templated":true}]}}