{"id":1288,"date":"2025-03-11T14:10:57","date_gmt":"2025-03-11T11:10:57","guid":{"rendered":"https:\/\/tahribatsizmuayene.com.tr\/?page_id=1288"},"modified":"2025-05-02T16:09:38","modified_gmt":"2025-05-02T13:09:38","slug":"gorsel-muayene-vt","status":"publish","type":"page","link":"https:\/\/tahribatsizmuayene.com.tr\/index.php\/tahribatsiz-muayene-ndt\/gorsel-muayene-vt\/","title":{"rendered":"G\u00d6RSEL MUAYENE (VT)"},"content":{"rendered":"<div class=\"wpb-content-wrapper\"><p>[vc_row full_width=&#8221;stretch_row_content_no_spaces&#8221; css=&#8221;.vc_custom_1746106066954{margin-top: -50px !important;background-image: url(https:\/\/tahribatsizmuayene.com.tr\/wp-content\/uploads\/2025\/05\/GORSEL-MUAYENE-VT.jpg?id=24354) !important;}&#8221; conditional_render=&#8221;%5B%7B%22value_role%22%3A%22administrator%22%7D%5D&#8221; css_params=&#8221;&#8221;][vc_column offset=&#8221;vc_hidden-md vc_hidden-sm vc_hidden-xs&#8221; conditional_render=&#8221;%5B%7B%22value_role%22%3A%22administrator%22%7D%5D&#8221; css_params=&#8221;&#8221;][vc_empty_space height=&#8221;290px&#8221; css_params=&#8221;&#8221;][\/vc_column][\/vc_row][vc_row][vc_column][vc_column_text]Malzemelerin veya bile\u015fenlerin y\u00fczeyindeki kusurlar\u0131n tespiti i\u00e7in \u00e7\u0131plak g\u00f6zle veya optik yard\u0131mc\u0131lar kullan\u0131larak ger\u00e7ekle\u015ftirilen bir tahribats\u0131z muayene y\u00f6ntemidir. Bu y\u00f6ntem, y\u00fczeydeki \u00e7atlaklar, g\u00f6zenekler, \u015fekil ve form sapmalar\u0131 gibi kaliteyi etkileyen fakt\u00f6rlerin belirlenmesinde temel bir rol oynar.[\/vc_column_text][vc_custom_heading text=&#8221;G\u00f6rsel Muayenenin A\u015famalar\u0131&#8221; font_container=&#8221;tag:h3|text_align:left&#8221; google_fonts=&#8221;font_family:Roboto%3A100%2C100italic%2C300%2C300italic%2Cregular%2Citalic%2C500%2C500italic%2C700%2C700italic%2C900%2C900italic|font_style:400%20regular%3A400%3Anormal&#8221;][vc_column_text]<\/p>\n<ul>\n<li><strong>Y\u00fczey Temizli\u011fi<\/strong>: Muayene edilecek y\u00fczey, ya\u011f, kir, pas ve di\u011fer yabanc\u0131 maddelerden ar\u0131nd\u0131r\u0131larak temizlenir. Bu, kusurlar\u0131n daha kolay tespit edilmesini sa\u011flar.<\/li>\n<li><strong>I\u015f\u0131kland\u0131rma<\/strong>: Yeterli ve uygun \u0131\u015f\u0131kland\u0131rma sa\u011flanarak, y\u00fczeydeki kusurlar\u0131n g\u00f6r\u00fcn\u00fcrl\u00fc\u011f\u00fc art\u0131r\u0131l\u0131r. Gerekirse, \u00f6zel ayd\u0131nlatma teknikleri kullan\u0131labilir.<\/li>\n<li><strong>Muayene<\/strong>: \u00c7\u0131plak g\u00f6zle veya b\u00fcy\u00fcte\u00e7, mikroskop gibi optik cihazlar yard\u0131m\u0131yla y\u00fczey detayl\u0131 bir \u015fekilde incelenir. G\u00f6zle muayene, bir\u00e7ok end\u00fcstriyel ve ticari uygulamalarda en eski ve yayg\u0131n kullan\u0131lan, basit gibi g\u00f6r\u00fcnen ama kendine has ince detaylar\u0131 olan tahribats\u0131z test (NDT) metodudur.<\/li>\n<li><strong>De\u011ferlendirme ve Raporlama<\/strong>: Tespit edilen kusurlar, ilgili standart ve spesifikasyonlara g\u00f6re de\u011ferlendirilir ve sonu\u00e7lar raporlan\u0131r.<\/li>\n<\/ul>\n<p>[\/vc_column_text][vc_custom_heading text=&#8221;Uygulama Alanlar\u0131&#8221; font_container=&#8221;tag:h3|text_align:left&#8221; google_fonts=&#8221;font_family:Roboto%3A100%2C100italic%2C300%2C300italic%2Cregular%2Citalic%2C500%2C500italic%2C700%2C700italic%2C900%2C900italic|font_style:400%20regular%3A400%3Anormal&#8221;][vc_column_text]G\u00f6rsel muayene, kaynakl\u0131 ba\u011flant\u0131lar, d\u00f6k\u00fcm par\u00e7alar, boru hatlar\u0131, bas\u0131n\u00e7l\u0131 kaplar ve in\u015faat yap\u0131lar\u0131 gibi bir\u00e7ok alanda kullan\u0131l\u0131r. \u00d6zellikle kaynak \u00f6ncesi, kaynak esnas\u0131nda ve kaynak sonras\u0131 yap\u0131ld\u0131\u011f\u0131 takdirde, bir\u00e7ok s\u00fcreksizlik, di\u011fer NDT y\u00f6ntemlerini uygulamaya gerek duymadan tespit edilebilir ve b\u00f6ylece maliyet ve zamandan kazan\u00e7 sa\u011flan\u0131r.[\/vc_column_text][vc_custom_heading text=&#8221;Avantajlar\u0131&#8221; font_container=&#8221;tag:h3|text_align:left&#8221; google_fonts=&#8221;font_family:Roboto%3A100%2C100italic%2C300%2C300italic%2Cregular%2Citalic%2C500%2C500italic%2C700%2C700italic%2C900%2C900italic|font_style:400%20regular%3A400%3Anormal&#8221;][vc_column_text]<\/p>\n<ul>\n<li><strong>H\u0131zl\u0131 ve Ekonomik<\/strong>: Di\u011fer tahribats\u0131z muayene y\u00f6ntemlerine g\u00f6re daha h\u0131zl\u0131 ve d\u00fc\u015f\u00fck maliyetlidir.<\/li>\n<li><strong>Basit Ekipman Gereksinimi<\/strong>: Genellikle karma\u015f\u0131k ekipmanlara ihtiya\u00e7 duyulmaz; b\u00fcy\u00fcte\u00e7, ayna gibi basit ara\u00e7lar yeterlidir.<\/li>\n<li><strong>An\u0131nda Sonu\u00e7<\/strong>: Muayene sonu\u00e7lar\u0131 hemen elde edilebilir, bu da h\u0131zl\u0131 karar almay\u0131 sa\u011flar.<\/li>\n<\/ul>\n<p>[\/vc_column_text][vc_custom_heading text=&#8221;S\u0131n\u0131rlamalar\u0131&#8221; font_container=&#8221;tag:h3|text_align:left&#8221; google_fonts=&#8221;font_family:Roboto%3A100%2C100italic%2C300%2C300italic%2Cregular%2Citalic%2C500%2C500italic%2C700%2C700italic%2C900%2C900italic|font_style:400%20regular%3A400%3Anormal&#8221;][vc_column_text]<\/p>\n<ul>\n<li><strong>Y\u00fczeyle S\u0131n\u0131rl\u0131<\/strong>: Sadece y\u00fczeydeki veya y\u00fczeye a\u00e7\u0131k kusurlar\u0131 tespit edebilir; i\u00e7sel kusurlar i\u00e7in uygun de\u011fildir.<\/li>\n<li><strong>Operat\u00f6r Ba\u011f\u0131ml\u0131l\u0131\u011f\u0131<\/strong>: Sonu\u00e7lar, muayeneyi ger\u00e7ekle\u015ftiren ki\u015finin deneyim ve dikkatine ba\u011fl\u0131d\u0131r.<\/li>\n<li><strong>I\u015f\u0131k Ko\u015fullar\u0131<\/strong>: Yetersiz \u0131\u015f\u0131kland\u0131rma, kusurlar\u0131n g\u00f6zden ka\u00e7mas\u0131na neden olabilir.<\/li>\n<\/ul>\n<p>[\/vc_column_text][vc_column_text]G\u00f6rsel muayene, tahribats\u0131z muayene y\u00f6ntemleri aras\u0131nda en temel ve ilk ad\u0131m olarak kabul edilir. Do\u011fru uyguland\u0131\u011f\u0131nda, \u00fcretim s\u00fcre\u00e7lerinde kalite kontrol\u00fc ve g\u00fcvenli\u011fin sa\u011flanmas\u0131nda kritik bir rol oynar. Di\u011fer tahribats\u0131z muayene y\u00f6ntemleri i\u00e7in haz\u0131rlanm\u0131\u015f uygulama standartlar\u0131n\u0131n \u00e7o\u011funda da \u00f6ncelikle g\u00f6zle muayene yap\u0131lmas\u0131 ve bulgular\u0131n kaydedilmesi istenmektedir.[\/vc_column_text][\/vc_column][\/vc_row][vc_row][vc_column]<div class=\"porto-gallery has-ccols ccols-1 has-ccols-spacing ccols-sm-2 ccols-md-3 wpb_custom_7087282f45ebda4c1aca5cdb7af69eb5 porto-carousel owl-carousel align-items-start lightbox\" data-plugin-options=\"{&quot;autoplayTimeout&quot;:5000,&quot;items&quot;:3,&quot;xl&quot;:3,&quot;lg&quot;:3,&quot;md&quot;:3,&quot;sm&quot;:2,&quot;xs&quot;:1,&quot;nav&quot;:true,&quot;dots&quot;:false,&quot;margin&quot;:10}\" data-lightbox-options=\"{&quot;delegate&quot;:&quot;a&quot;,&quot;mainClass&quot;:&quot;mfp-with-zoom&quot;,&quot;zoom&quot;:{&quot;enabled&quot;:true,&quot;duration&quot;:300},&quot;gallery&quot;:{&quot;enabled&quot;:true},&quot;type&quot;:&quot;image&quot;}\"><a href=\"https:\/\/tahribatsizmuayene.com.tr\/wp-content\/uploads\/2025\/05\/visual-inspection-1-1.jpg\"><figure><img loading=\"lazy\" decoding=\"async\" width=\"1000\" height=\"667\" src=\"https:\/\/tahribatsizmuayene.com.tr\/wp-content\/uploads\/2025\/05\/visual-inspection-1-1.jpg\" class=\"attachment-full size-full\" alt=\"\" srcset=\"https:\/\/tahribatsizmuayene.com.tr\/wp-content\/uploads\/2025\/05\/visual-inspection-1-1.jpg 1000w, https:\/\/tahribatsizmuayene.com.tr\/wp-content\/uploads\/2025\/05\/visual-inspection-1-1-768x512.jpg 768w, https:\/\/tahribatsizmuayene.com.tr\/wp-content\/uploads\/2025\/05\/visual-inspection-1-1-640x427.jpg 640w, https:\/\/tahribatsizmuayene.com.tr\/wp-content\/uploads\/2025\/05\/visual-inspection-1-1-400x267.jpg 400w, https:\/\/tahribatsizmuayene.com.tr\/wp-content\/uploads\/2025\/05\/visual-inspection-1-1-367x245.jpg 367w\" sizes=\"auto, (max-width: 1000px) 100vw, 1000px\" \/><\/figure><\/a><a href=\"https:\/\/tahribatsizmuayene.com.tr\/wp-content\/uploads\/2025\/05\/GORSEL-MUAYENE-VT-5-1.jpg\"><figure><img loading=\"lazy\" decoding=\"async\" width=\"1000\" height=\"667\" src=\"https:\/\/tahribatsizmuayene.com.tr\/wp-content\/uploads\/2025\/05\/GORSEL-MUAYENE-VT-5-1.jpg\" class=\"attachment-full size-full\" alt=\"\" srcset=\"https:\/\/tahribatsizmuayene.com.tr\/wp-content\/uploads\/2025\/05\/GORSEL-MUAYENE-VT-5-1.jpg 1000w, https:\/\/tahribatsizmuayene.com.tr\/wp-content\/uploads\/2025\/05\/GORSEL-MUAYENE-VT-5-1-768x512.jpg 768w, https:\/\/tahribatsizmuayene.com.tr\/wp-content\/uploads\/2025\/05\/GORSEL-MUAYENE-VT-5-1-640x427.jpg 640w, https:\/\/tahribatsizmuayene.com.tr\/wp-content\/uploads\/2025\/05\/GORSEL-MUAYENE-VT-5-1-400x267.jpg 400w, https:\/\/tahribatsizmuayene.com.tr\/wp-content\/uploads\/2025\/05\/GORSEL-MUAYENE-VT-5-1-367x245.jpg 367w\" sizes=\"auto, (max-width: 1000px) 100vw, 1000px\" \/><\/figure><\/a><a href=\"https:\/\/tahribatsizmuayene.com.tr\/wp-content\/uploads\/2025\/05\/GORSEL-MUAYENE-VT-3-1.jpg\"><figure><img loading=\"lazy\" decoding=\"async\" width=\"1000\" height=\"667\" src=\"https:\/\/tahribatsizmuayene.com.tr\/wp-content\/uploads\/2025\/05\/GORSEL-MUAYENE-VT-3-1.jpg\" class=\"attachment-full size-full\" alt=\"G\u00d6RSEL MUAYENE (VT)\" srcset=\"https:\/\/tahribatsizmuayene.com.tr\/wp-content\/uploads\/2025\/05\/GORSEL-MUAYENE-VT-3-1.jpg 1000w, https:\/\/tahribatsizmuayene.com.tr\/wp-content\/uploads\/2025\/05\/GORSEL-MUAYENE-VT-3-1-768x512.jpg 768w, https:\/\/tahribatsizmuayene.com.tr\/wp-content\/uploads\/2025\/05\/GORSEL-MUAYENE-VT-3-1-640x427.jpg 640w, https:\/\/tahribatsizmuayene.com.tr\/wp-content\/uploads\/2025\/05\/GORSEL-MUAYENE-VT-3-1-400x267.jpg 400w, https:\/\/tahribatsizmuayene.com.tr\/wp-content\/uploads\/2025\/05\/GORSEL-MUAYENE-VT-3-1-367x245.jpg 367w\" sizes=\"auto, (max-width: 1000px) 100vw, 1000px\" \/><\/figure><\/a><\/div>[\/vc_column][\/vc_row]<\/p>\n<\/div>","protected":false},"excerpt":{"rendered":"<p>[vc_row full_width=&#8221;stretch_row_content_no_spaces&#8221; css=&#8221;.vc_custom_1746106066954{margin-top: -50px !important;background-image: url(https:\/\/tahribatsizmuayene.com.tr\/wp-content\/uploads\/2025\/05\/GORSEL-MUAYENE-VT.jpg?id=24354) !important;}&#8221; conditional_render=&#8221;%5B%7B%22value_role%22%3A%22administrator%22%7D%5D&#8221; css_params=&#8221;&#8221;][vc_column offset=&#8221;vc_hidden-md vc_hidden-sm vc_hidden-xs&#8221; conditional_render=&#8221;%5B%7B%22value_role%22%3A%22administrator%22%7D%5D&#8221; css_params=&#8221;&#8221;][vc_empty_space height=&#8221;290px&#8221; css_params=&#8221;&#8221;][\/vc_column][\/vc_row][vc_row][vc_column][vc_column_text]Malzemelerin veya bile\u015fenlerin y\u00fczeyindeki kusurlar\u0131n tespiti i\u00e7in \u00e7\u0131plak g\u00f6zle veya optik yard\u0131mc\u0131lar kullan\u0131larak ger\u00e7ekle\u015ftirilen bir tahribats\u0131z muayene y\u00f6ntemidir. Bu y\u00f6ntem, y\u00fczeydeki \u00e7atlaklar, g\u00f6zenekler, \u015fekil ve form sapmalar\u0131 gibi kaliteyi etkileyen fakt\u00f6rlerin belirlenmesinde temel bir rol oynar.[\/vc_column_text][vc_custom_heading text=&#8221;G\u00f6rsel Muayenenin A\u015famalar\u0131&#8221; font_container=&#8221;tag:h3|text_align:left&#8221; [&hellip;]<\/p>\n","protected":false},"author":1,"featured_media":0,"parent":1276,"menu_order":0,"comment_status":"closed","ping_status":"closed","template":"","meta":{"footnotes":""},"class_list":["post-1288","page","type-page","status-publish","hentry"],"_links":{"self":[{"href":"https:\/\/tahribatsizmuayene.com.tr\/index.php\/wp-json\/wp\/v2\/pages\/1288","targetHints":{"allow":["GET"]}}],"collection":[{"href":"https:\/\/tahribatsizmuayene.com.tr\/index.php\/wp-json\/wp\/v2\/pages"}],"about":[{"href":"https:\/\/tahribatsizmuayene.com.tr\/index.php\/wp-json\/wp\/v2\/types\/page"}],"author":[{"embeddable":true,"href":"https:\/\/tahribatsizmuayene.com.tr\/index.php\/wp-json\/wp\/v2\/users\/1"}],"replies":[{"embeddable":true,"href":"https:\/\/tahribatsizmuayene.com.tr\/index.php\/wp-json\/wp\/v2\/comments?post=1288"}],"version-history":[{"count":27,"href":"https:\/\/tahribatsizmuayene.com.tr\/index.php\/wp-json\/wp\/v2\/pages\/1288\/revisions"}],"predecessor-version":[{"id":24427,"href":"https:\/\/tahribatsizmuayene.com.tr\/index.php\/wp-json\/wp\/v2\/pages\/1288\/revisions\/24427"}],"up":[{"embeddable":true,"href":"https:\/\/tahribatsizmuayene.com.tr\/index.php\/wp-json\/wp\/v2\/pages\/1276"}],"wp:attachment":[{"href":"https:\/\/tahribatsizmuayene.com.tr\/index.php\/wp-json\/wp\/v2\/media?parent=1288"}],"curies":[{"name":"wp","href":"https:\/\/api.w.org\/{rel}","templated":true}]}}