{"id":1370,"date":"2025-03-14T15:21:33","date_gmt":"2025-03-14T12:21:33","guid":{"rendered":"https:\/\/tahribatsizmuayene.com.tr\/?page_id=1370"},"modified":"2025-04-18T15:18:46","modified_gmt":"2025-04-18T12:18:46","slug":"muayene-oncesi-on-hazirlik-formu","status":"publish","type":"page","link":"https:\/\/tahribatsizmuayene.com.tr\/index.php\/muayene-oncesi-on-hazirlik-formu\/","title":{"rendered":"Muayene \u00d6ncesi \u00d6n Haz\u0131rl\u0131k Formu"},"content":{"rendered":"<div class=\"wpb-content-wrapper\"><p>[vc_row][vc_column][vc_raw_html css=&#8221;&#8221; css_params=&#8221;&#8221;]JTNDaWZyYW1lJTIwc3JjJTNEJTIyaHR0cHMlM0ElMkYlMkZ5ZW5pLnNhZmVydGVrbmlrLmNvbSUyRndwLWNvbnRlbnQlMkZ1cGxvYWRzJTJGMjAyNSUyRjA0JTJGU0ZSLUZSLjAzMS1NdWF5ZW5lLU9uY2VzaS1Pbi1IYXppcmxpay1Gb3JtdS1SZXYuMDQucGRmJTIyJTIwd2lkdGglM0QlMjIxNDAwJTIyJTIwaGVpZ2h0JTNEJTIyMjAwMCUyMiUyMGZyYW1lYm9yZGVyJTNEJTIyMCUyMiUyMG1hcmdpbmhlaWdodCUzRCUyMjAlMjIlMjBtYXJnaW53aWR0aCUzRCUyMjAlMjIlM0VZJUMzJUJDa2xlbml5b3IlRTIlODAlQTYlM0MlMkZpZnJhbWUlM0U=[\/vc_raw_html][\/vc_column][\/vc_row]<\/p>\n<\/div>","protected":false},"excerpt":{"rendered":"<p>[vc_row][vc_column][vc_raw_html css=&#8221;&#8221; css_params=&#8221;&#8221;]JTNDaWZyYW1lJTIwc3JjJTNEJTIyaHR0cHMlM0ElMkYlMkZ5ZW5pLnNhZmVydGVrbmlrLmNvbSUyRndwLWNvbnRlbnQlMkZ1cGxvYWRzJTJGMjAyNSUyRjA0JTJGU0ZSLUZSLjAzMS1NdWF5ZW5lLU9uY2VzaS1Pbi1IYXppcmxpay1Gb3JtdS1SZXYuMDQucGRmJTIyJTIwd2lkdGglM0QlMjIxNDAwJTIyJTIwaGVpZ2h0JTNEJTIyMjAwMCUyMiUyMGZyYW1lYm9yZGVyJTNEJTIyMCUyMiUyMG1hcmdpbmhlaWdodCUzRCUyMjAlMjIlMjBtYXJnaW53aWR0aCUzRCUyMjAlMjIlM0VZJUMzJUJDa2xlbml5b3IlRTIlODAlQTYlM0MlMkZpZnJhbWUlM0U=[\/vc_raw_html][\/vc_column][\/vc_row]<\/p>\n","protected":false},"author":1,"featured_media":0,"parent":0,"menu_order":0,"comment_status":"closed","ping_status":"closed","template":"","meta":{"footnotes":""},"class_list":["post-1370","page","type-page","status-publish","hentry"],"_links":{"self":[{"href":"https:\/\/tahribatsizmuayene.com.tr\/index.php\/wp-json\/wp\/v2\/pages\/1370","targetHints":{"allow":["GET"]}}],"collection":[{"href":"https:\/\/tahribatsizmuayene.com.tr\/index.php\/wp-json\/wp\/v2\/pages"}],"about":[{"href":"https:\/\/tahribatsizmuayene.com.tr\/index.php\/wp-json\/wp\/v2\/types\/page"}],"author":[{"embeddable":true,"href":"https:\/\/tahribatsizmuayene.com.tr\/index.php\/wp-json\/wp\/v2\/users\/1"}],"replies":[{"embeddable":true,"href":"https:\/\/tahribatsizmuayene.com.tr\/index.php\/wp-json\/wp\/v2\/comments?post=1370"}],"version-history":[{"count":3,"href":"https:\/\/tahribatsizmuayene.com.tr\/index.php\/wp-json\/wp\/v2\/pages\/1370\/revisions"}],"predecessor-version":[{"id":24339,"href":"https:\/\/tahribatsizmuayene.com.tr\/index.php\/wp-json\/wp\/v2\/pages\/1370\/revisions\/24339"}],"wp:attachment":[{"href":"https:\/\/tahribatsizmuayene.com.tr\/index.php\/wp-json\/wp\/v2\/media?parent=1370"}],"curies":[{"name":"wp","href":"https:\/\/api.w.org\/{rel}","templated":true}]}}