{"id":15,"date":"2017-01-19T13:59:00","date_gmt":"2017-01-19T13:59:00","guid":{"rendered":"http:\/\/sw-themes.com\/porto_dummy\/?page_id=15"},"modified":"2025-06-16T19:29:51","modified_gmt":"2025-06-16T16:29:51","slug":"hakkimizda","status":"publish","type":"page","link":"https:\/\/tahribatsizmuayene.com.tr\/index.php\/hakkimizda\/","title":{"rendered":"Hakk\u0131m\u0131zda"},"content":{"rendered":"<div class=\"wpb-content-wrapper\"><p>[vc_row height=&#8221;auto&#8221;][vc_column][vc_column_text css=&#8221;&#8221; css_params=&#8221;&#8221;]Safer NDT, tahribats\u0131z muayene (NDT) hizmetleri alan\u0131nda uzmanla\u015fm\u0131\u015f, akredite bir teknik kontrol firmas\u0131d\u0131r.<br \/>\nTS EN ISO\/IEC 17020 standard\u0131na uygun olarak, kaynakl\u0131 imalatlar\u0131n, metal yap\u0131lar\u0131n ve end\u00fcstriyel ekipmanlar\u0131n hasars\u0131z ve g\u00fcvenilir y\u00f6ntemlerle test edilmesini sa\u011fl\u0131yoruz.[\/vc_column_text][vc_row_inner][vc_column_inner width=&#8221;3\/4&#8243;][vc_column_text css=&#8221;&#8221; css_params=&#8221;&#8221;]Enerji, petrokimya, \u00fcretim, in\u015faat ve savunma sanayi ba\u015fta olmak \u00fczere bir\u00e7ok sekt\u00f6rde; kalite kontrol, hata tespiti ve i\u015fletme g\u00fcvenli\u011fi konular\u0131nda \u00e7\u00f6z\u00fcm orta\u011f\u0131n\u0131z oluyoruz.[\/vc_column_text][\/vc_column_inner][vc_column_inner width=&#8221;1\/4&#8243;][vc_single_image image=&#8221;1320&#8243; img_size=&#8221;full&#8221; css=&#8221;&#8221; css_params=&#8221;&#8221;][\/vc_column_inner][\/vc_row_inner][vc_empty_space height=&#8221;20px&#8221;][\/vc_column][\/vc_row]<\/p>\n<\/div>","protected":false},"excerpt":{"rendered":"<p>[vc_row height=&#8221;auto&#8221;][vc_column][vc_column_text css=&#8221;&#8221; css_params=&#8221;&#8221;]Safer NDT, tahribats\u0131z muayene (NDT) hizmetleri alan\u0131nda uzmanla\u015fm\u0131\u015f, akredite bir teknik kontrol firmas\u0131d\u0131r. TS EN ISO\/IEC 17020 standard\u0131na uygun olarak, kaynakl\u0131 imalatlar\u0131n, metal yap\u0131lar\u0131n ve end\u00fcstriyel ekipmanlar\u0131n hasars\u0131z ve g\u00fcvenilir y\u00f6ntemlerle test edilmesini sa\u011fl\u0131yoruz.[\/vc_column_text][vc_row_inner][vc_column_inner width=&#8221;3\/4&#8243;][vc_column_text css=&#8221;&#8221; css_params=&#8221;&#8221;]Enerji, petrokimya, \u00fcretim, in\u015faat ve savunma sanayi ba\u015fta olmak \u00fczere bir\u00e7ok sekt\u00f6rde; kalite kontrol, hata tespiti [&hellip;]<\/p>\n","protected":false},"author":1,"featured_media":0,"parent":0,"menu_order":0,"comment_status":"closed","ping_status":"closed","template":"","meta":{"footnotes":""},"class_list":["post-15","page","type-page","status-publish","hentry"],"_links":{"self":[{"href":"https:\/\/tahribatsizmuayene.com.tr\/index.php\/wp-json\/wp\/v2\/pages\/15","targetHints":{"allow":["GET"]}}],"collection":[{"href":"https:\/\/tahribatsizmuayene.com.tr\/index.php\/wp-json\/wp\/v2\/pages"}],"about":[{"href":"https:\/\/tahribatsizmuayene.com.tr\/index.php\/wp-json\/wp\/v2\/types\/page"}],"author":[{"embeddable":true,"href":"https:\/\/tahribatsizmuayene.com.tr\/index.php\/wp-json\/wp\/v2\/users\/1"}],"replies":[{"embeddable":true,"href":"https:\/\/tahribatsizmuayene.com.tr\/index.php\/wp-json\/wp\/v2\/comments?post=15"}],"version-history":[{"count":4,"href":"https:\/\/tahribatsizmuayene.com.tr\/index.php\/wp-json\/wp\/v2\/pages\/15\/revisions"}],"predecessor-version":[{"id":24442,"href":"https:\/\/tahribatsizmuayene.com.tr\/index.php\/wp-json\/wp\/v2\/pages\/15\/revisions\/24442"}],"wp:attachment":[{"href":"https:\/\/tahribatsizmuayene.com.tr\/index.php\/wp-json\/wp\/v2\/media?parent=15"}],"curies":[{"name":"wp","href":"https:\/\/api.w.org\/{rel}","templated":true}]}}