{"id":23229,"date":"2017-06-05T14:25:12","date_gmt":"2017-06-05T11:25:12","guid":{"rendered":"http:\/\/tahribatsizmuayene.com.tr\/?page_id=23229"},"modified":"2017-06-05T14:25:12","modified_gmt":"2017-06-05T11:25:12","slug":"hizli-teklif-al","status":"publish","type":"page","link":"https:\/\/tahribatsizmuayene.com.tr\/index.php\/hizli-teklif-al\/","title":{"rendered":"H\u0131zl\u0131 Teklif Al"},"content":{"rendered":"<div class=\"wpb-content-wrapper\"><p>[vc_row][vc_column]<p class=\"wpcf7-contact-form-not-found\"><strong>Hata:<\/strong> \u0130leti\u015fim formu bulunamad\u0131.<\/p>[\/vc_column][\/vc_row]<\/p>\n<\/div>","protected":false},"excerpt":{"rendered":"<p>[vc_row][vc_column][\/vc_column][\/vc_row]<\/p>\n","protected":false},"author":1,"featured_media":0,"parent":0,"menu_order":0,"comment_status":"closed","ping_status":"closed","template":"","meta":{"footnotes":""},"class_list":["post-23229","page","type-page","status-publish","hentry"],"_links":{"self":[{"href":"https:\/\/tahribatsizmuayene.com.tr\/index.php\/wp-json\/wp\/v2\/pages\/23229","targetHints":{"allow":["GET"]}}],"collection":[{"href":"https:\/\/tahribatsizmuayene.com.tr\/index.php\/wp-json\/wp\/v2\/pages"}],"about":[{"href":"https:\/\/tahribatsizmuayene.com.tr\/index.php\/wp-json\/wp\/v2\/types\/page"}],"author":[{"embeddable":true,"href":"https:\/\/tahribatsizmuayene.com.tr\/index.php\/wp-json\/wp\/v2\/users\/1"}],"replies":[{"embeddable":true,"href":"https:\/\/tahribatsizmuayene.com.tr\/index.php\/wp-json\/wp\/v2\/comments?post=23229"}],"version-history":[{"count":0,"href":"https:\/\/tahribatsizmuayene.com.tr\/index.php\/wp-json\/wp\/v2\/pages\/23229\/revisions"}],"wp:attachment":[{"href":"https:\/\/tahribatsizmuayene.com.tr\/index.php\/wp-json\/wp\/v2\/media?parent=23229"}],"curies":[{"name":"wp","href":"https:\/\/api.w.org\/{rel}","templated":true}]}}