{"id":24327,"date":"2025-04-18T11:53:34","date_gmt":"2025-04-18T08:53:34","guid":{"rendered":"https:\/\/tahribatsizmuayene.com.tr\/?page_id=24327"},"modified":"2025-04-18T11:53:34","modified_gmt":"2025-04-18T08:53:34","slug":"hizli-teklif-formu","status":"publish","type":"page","link":"https:\/\/tahribatsizmuayene.com.tr\/index.php\/hizli-teklif-formu\/","title":{"rendered":"H\u0131zl\u0131 Teklif Formu"},"content":{"rendered":"<div class=\"wpb-content-wrapper\"><p>[vc_row bg_type=&#8221;bg_color&#8221; bg_override=&#8221;3&#8243; bg_color_value=&#8221;#ededed&#8221;][vc_column][vc_column_text css=&#8221;&#8221; css_params=&#8221;&#8221;]<\/p>\n<h3><strong>H\u0131zl\u0131 Teklif Formu:<\/strong><\/h3>\n<p>[\/vc_column_text][\/vc_column][\/vc_row][vc_row][vc_column width=&#8221;2\/3&#8243;][vc_column_text css=&#8221;&#8221; css_params=&#8221;&#8221;]\n<div class=\"wpcf7 no-js\" id=\"wpcf7-f1165-o1\" lang=\"tr-TR\" dir=\"ltr\" data-wpcf7-id=\"1165\">\n<div class=\"screen-reader-response\"><p role=\"status\" aria-live=\"polite\" aria-atomic=\"true\"><\/p> <ul><\/ul><\/div>\n<form action=\"\/index.php\/wp-json\/wp\/v2\/pages\/24327#wpcf7-f1165-o1\" method=\"post\" class=\"wpcf7-form init\" aria-label=\"\u0130leti\u015fim Formu\" novalidate=\"novalidate\" data-status=\"init\">\n<div style=\"display: none;\">\n<input type=\"hidden\" name=\"_wpcf7\" value=\"1165\" \/>\n<input type=\"hidden\" name=\"_wpcf7_version\" value=\"6.0.6\" \/>\n<input type=\"hidden\" name=\"_wpcf7_locale\" value=\"tr_TR\" \/>\n<input type=\"hidden\" name=\"_wpcf7_unit_tag\" value=\"wpcf7-f1165-o1\" \/>\n<input type=\"hidden\" name=\"_wpcf7_container_post\" value=\"0\" \/>\n<input type=\"hidden\" name=\"_wpcf7_posted_data_hash\" value=\"\" \/>\n<\/div>\n<label><strong>Ad\u0131n\u0131z Soyad\u0131n\u0131z* <\/strong> <br>\n<span class=\"wpcf7-form-control-wrap\" data-name=\"text-999\"><input size=\"40\" maxlength=\"400\" class=\"wpcf7-form-control wpcf7-text\" aria-invalid=\"false\" value=\"\" type=\"text\" name=\"text-999\" \/><\/span> \n<\/label>\n\n<label><strong>Firma Ad\u0131* <\/strong><br>\n<span class=\"wpcf7-form-control-wrap\" data-name=\"text-401\"><input size=\"40\" maxlength=\"400\" class=\"wpcf7-form-control wpcf7-text\" aria-invalid=\"false\" value=\"\" type=\"text\" name=\"text-401\" \/><\/span> \n<\/label>\n\n<br><br>\n\n<label><strong>E-mail Adresiniz* <\/strong><br>\n<span class=\"wpcf7-form-control-wrap\" data-name=\"email-227\"><input size=\"40\" maxlength=\"400\" class=\"wpcf7-form-control wpcf7-email wpcf7-text wpcf7-validates-as-email\" aria-invalid=\"false\" value=\"\" type=\"email\" name=\"email-227\" \/><\/span>\n<\/label>\n\n<label><strong>Telefon Numaran\u0131z* <\/strong><br>\n<span class=\"wpcf7-form-control-wrap\" data-name=\"tel-76\"><input size=\"40\" maxlength=\"400\" class=\"wpcf7-form-control wpcf7-tel wpcf7-text wpcf7-validates-as-tel\" aria-invalid=\"false\" value=\"\" type=\"tel\" name=\"tel-76\" \/><\/span> \n<\/label>\n\n<br><br>\n\n<label><strong> Almak \u0130stedi\u011finiz Hizmet* <\/strong><br>\n <span class=\"wpcf7-form-control-wrap\" data-name=\"your-browser\"><select class=\"wpcf7-form-control wpcf7-select wpcf7-validates-as-required\" aria-required=\"true\" aria-invalid=\"false\" name=\"your-browser\"><option value=\"\">&#8212;L\u00fctfen bir se\u00e7enek se\u00e7in&#8212;<\/option><option value=\"G\u00d6RSEL MUAYENE (VT)\">G\u00d6RSEL MUAYENE (VT)<\/option><option value=\"MANYET\u0130K PAR\u00c7ACIK MUAYENES\u0130 (MT)\">MANYET\u0130K PAR\u00c7ACIK MUAYENES\u0130 (MT)<\/option><option value=\"SIVI PENETRANT MUAYENES\u0130 (PT)\">SIVI PENETRANT MUAYENES\u0130 (PT)<\/option><option value=\"ULTRASON\u0130K MUAYENE (UT)\">ULTRASON\u0130K MUAYENE (UT)<\/option><\/select><\/span>\n<\/label>\n<\/label>\n\n<br><br>\n\n<input class=\"wpcf7-form-control wpcf7-submit has-spinner\" type=\"submit\" value=\"G\u00f6nder\" \/><div class=\"wpcf7-response-output\" aria-hidden=\"true\"><\/div>\n<\/form>\n<\/div>\n[\/vc_column_text][\/vc_column][vc_column width=&#8221;1\/3&#8243;][vc_single_image image=&#8221;1174&#8243; img_size=&#8221;full&#8221; css=&#8221;&#8221; label=&#8221;&#8221; css_params=&#8221;&#8221;][\/vc_column][\/vc_row]<\/p>\n<\/div>","protected":false},"excerpt":{"rendered":"<p>[vc_row bg_type=&#8221;bg_color&#8221; bg_override=&#8221;3&#8243; bg_color_value=&#8221;#ededed&#8221;][vc_column][vc_column_text css=&#8221;&#8221; css_params=&#8221;&#8221;] H\u0131zl\u0131 Teklif Formu: [\/vc_column_text][\/vc_column][\/vc_row][vc_row][vc_column width=&#8221;2\/3&#8243;][vc_column_text css=&#8221;&#8221; css_params=&#8221;&#8221;][\/vc_column_text][\/vc_column][vc_column width=&#8221;1\/3&#8243;][vc_single_image image=&#8221;1174&#8243; img_size=&#8221;full&#8221; css=&#8221;&#8221; label=&#8221;&#8221; css_params=&#8221;&#8221;][\/vc_column][\/vc_row]<\/p>\n","protected":false},"author":1,"featured_media":0,"parent":0,"menu_order":0,"comment_status":"closed","ping_status":"closed","template":"","meta":{"footnotes":""},"class_list":["post-24327","page","type-page","status-publish","hentry"],"_links":{"self":[{"href":"https:\/\/tahribatsizmuayene.com.tr\/index.php\/wp-json\/wp\/v2\/pages\/24327","targetHints":{"allow":["GET"]}}],"collection":[{"href":"https:\/\/tahribatsizmuayene.com.tr\/index.php\/wp-json\/wp\/v2\/pages"}],"about":[{"href":"https:\/\/tahribatsizmuayene.com.tr\/index.php\/wp-json\/wp\/v2\/types\/page"}],"author":[{"embeddable":true,"href":"https:\/\/tahribatsizmuayene.com.tr\/index.php\/wp-json\/wp\/v2\/users\/1"}],"replies":[{"embeddable":true,"href":"https:\/\/tahribatsizmuayene.com.tr\/index.php\/wp-json\/wp\/v2\/comments?post=24327"}],"version-history":[{"count":2,"href":"https:\/\/tahribatsizmuayene.com.tr\/index.php\/wp-json\/wp\/v2\/pages\/24327\/revisions"}],"predecessor-version":[{"id":24514,"href":"https:\/\/tahribatsizmuayene.com.tr\/index.php\/wp-json\/wp\/v2\/pages\/24327\/revisions\/24514"}],"wp:attachment":[{"href":"https:\/\/tahribatsizmuayene.com.tr\/index.php\/wp-json\/wp\/v2\/media?parent=24327"}],"curies":[{"name":"wp","href":"https:\/\/api.w.org\/{rel}","templated":true}]}}