{"id":968,"date":"2024-01-28T02:23:46","date_gmt":"2024-01-28T02:23:46","guid":{"rendered":"http:\/\/sw-themes.com\/porto_dummy\/?page_id=968"},"modified":"2025-03-10T20:40:23","modified_gmt":"2025-03-10T17:40:23","slug":"gurultu-maruziyeti-olcumu","status":"publish","type":"page","link":"https:\/\/tahribatsizmuayene.com.tr\/index.php\/ortam-olcumleri\/gurultu-maruziyeti-olcumu\/","title":{"rendered":"G\u00dcR\u00dcLT\u00dc MARUZ\u0130YET\u0130 \u00d6L\u00c7\u00dcM\u00dc"},"content":{"rendered":"<div class=\"wpb-content-wrapper\"><p>[vc_row content_placement=&#8221;middle&#8221; height=&#8221;auto&#8221; bg_type=&#8221;bg_color&#8221; bg_color_value=&#8221;#efefef&#8221; css=&#8221;.vc_custom_1496606800428{padding-top: -50px !important;padding-bottom: -50px !important;}&#8221;][vc_column][vc_empty_space height=&#8221;10px&#8221;][vc_column_text]Ya\u015fad\u0131\u011f\u0131m\u0131z konut, okul, i\u015fyeri vb. binalar ile \u00e7evreyi istenmeyen seslerden yal\u0131tarak g\u00fcr\u00fclt\u00fcn\u00fcn zararl\u0131 etkilerinden korunmak; kay\u0131t st\u00fcdyolar\u0131, sinema, konser salonu vb. mek\u00e2nlar\u0131 istenmeyen seslerden yal\u0131tarak gerekli kullan\u0131m ko\u015fullar\u0131n\u0131 olu\u015fturmak; jenerat\u00f6r, hidrofor, kalorifer vb. g\u00fcr\u00fclt\u00fcl\u00fc mahalleri yal\u0131tarak \u00e7evreye yayd\u0131klar\u0131 g\u00fcr\u00fclt\u00fcy\u00fc azaltmak amac\u0131 ile yap\u0131lan uygulamalara\u00a0<strong>\u201cses yal\u0131t\u0131m\u0131\/ ses izolasyonu\u201d<\/strong>\u00a0denir.[\/vc_column_text][vc_empty_space height=&#8221;0px&#8221;][\/vc_column][\/vc_row][vc_row height=&#8221;auto&#8221; css=&#8221;.vc_custom_1495988000222{margin-top: 0px !important;}&#8221;][vc_column][vc_empty_space height=&#8221;10px&#8221;][vc_column_text]G\u00fcr\u00fclt\u00fc, insan sa\u011fl\u0131\u011f\u0131 a\u00e7\u0131s\u0131ndan istenmeyen, rahats\u0131z edici bir durumdur. Verdi\u011fi bu rahats\u0131zl\u0131\u011f\u0131n yan\u0131 s\u0131ra bireyler \u00fczerinde, psikolojik, fizyolojik ve performans y\u00f6n\u00fcnden olumsuz etkiler de yarat\u0131r. G\u00fcr\u00fclt\u00fc, davran\u0131\u015f bozukluklar\u0131, \u00e7al\u0131\u015fma verimindeki d\u00fc\u015f\u00fc\u015f, duyma kay\u0131plar\u0131, kulak \u00e7\u0131nlamalar\u0131 ve baz\u0131 psikolojik hastal\u0131klar\u0131n nedeni olabilir. \u00dcstelik g\u00fcr\u00fclt\u00fc sonucu olu\u015fan i\u015fitme kay\u0131plar\u0131n\u0131n ila\u00e7la veya cerrahi bir m\u00fcdahale ile tedavisi bulunmuyor.<\/p>\n<p>Firmam\u0131z taraf\u0131ndan yap\u0131lan \u00f6l\u00e7\u00fcmler neticesinde g\u00fcr\u00fclt\u00fc standart de\u011ferlerini a\u015fan ve insan sa\u011fl\u0131\u011f\u0131 a\u00e7\u0131s\u0131ndan rahats\u0131zl\u0131k olu\u015fturan ses seviyesi raporlanarak, gerekli aksiyonlar\u0131n al\u0131nmas\u0131 konusunda dan\u0131\u015fmanl\u0131k sunmaktay\u0131z.[\/vc_column_text][vc_empty_space height=&#8221;10px&#8221;][\/vc_column][\/vc_row]<\/p>\n<\/div>","protected":false},"excerpt":{"rendered":"<p>[vc_row content_placement=&#8221;middle&#8221; height=&#8221;auto&#8221; bg_type=&#8221;bg_color&#8221; bg_color_value=&#8221;#efefef&#8221; css=&#8221;.vc_custom_1496606800428{padding-top: -50px !important;padding-bottom: -50px !important;}&#8221;][vc_column][vc_empty_space height=&#8221;10px&#8221;][vc_column_text]Ya\u015fad\u0131\u011f\u0131m\u0131z konut, okul, i\u015fyeri vb. binalar ile \u00e7evreyi istenmeyen seslerden yal\u0131tarak g\u00fcr\u00fclt\u00fcn\u00fcn zararl\u0131 etkilerinden korunmak; kay\u0131t st\u00fcdyolar\u0131, sinema, konser salonu vb. mek\u00e2nlar\u0131 istenmeyen seslerden yal\u0131tarak gerekli kullan\u0131m ko\u015fullar\u0131n\u0131 olu\u015fturmak; jenerat\u00f6r, hidrofor, kalorifer vb. g\u00fcr\u00fclt\u00fcl\u00fc mahalleri yal\u0131tarak \u00e7evreye yayd\u0131klar\u0131 g\u00fcr\u00fclt\u00fcy\u00fc azaltmak amac\u0131 ile yap\u0131lan uygulamalara\u00a0\u201cses yal\u0131t\u0131m\u0131\/ [&hellip;]<\/p>\n","protected":false},"author":1,"featured_media":0,"parent":17,"menu_order":0,"comment_status":"closed","ping_status":"closed","template":"","meta":{"footnotes":""},"class_list":["post-968","page","type-page","status-publish","hentry"],"_links":{"self":[{"href":"https:\/\/tahribatsizmuayene.com.tr\/index.php\/wp-json\/wp\/v2\/pages\/968","targetHints":{"allow":["GET"]}}],"collection":[{"href":"https:\/\/tahribatsizmuayene.com.tr\/index.php\/wp-json\/wp\/v2\/pages"}],"about":[{"href":"https:\/\/tahribatsizmuayene.com.tr\/index.php\/wp-json\/wp\/v2\/types\/page"}],"author":[{"embeddable":true,"href":"https:\/\/tahribatsizmuayene.com.tr\/index.php\/wp-json\/wp\/v2\/users\/1"}],"replies":[{"embeddable":true,"href":"https:\/\/tahribatsizmuayene.com.tr\/index.php\/wp-json\/wp\/v2\/comments?post=968"}],"version-history":[{"count":2,"href":"https:\/\/tahribatsizmuayene.com.tr\/index.php\/wp-json\/wp\/v2\/pages\/968\/revisions"}],"predecessor-version":[{"id":1222,"href":"https:\/\/tahribatsizmuayene.com.tr\/index.php\/wp-json\/wp\/v2\/pages\/968\/revisions\/1222"}],"up":[{"embeddable":true,"href":"https:\/\/tahribatsizmuayene.com.tr\/index.php\/wp-json\/wp\/v2\/pages\/17"}],"wp:attachment":[{"href":"https:\/\/tahribatsizmuayene.com.tr\/index.php\/wp-json\/wp\/v2\/media?parent=968"}],"curies":[{"name":"wp","href":"https:\/\/api.w.org\/{rel}","templated":true}]}}