{"id":971,"date":"2024-01-28T02:24:19","date_gmt":"2024-01-28T02:24:19","guid":{"rendered":"http:\/\/sw-themes.com\/porto_dummy\/?page_id=971"},"modified":"2025-03-10T20:47:47","modified_gmt":"2025-03-10T17:47:47","slug":"titresim-maruziyeti-olcumu","status":"publish","type":"page","link":"https:\/\/tahribatsizmuayene.com.tr\/index.php\/ortam-olcumleri\/titresim-maruziyeti-olcumu\/","title":{"rendered":"T\u0130TRE\u015e\u0130M MARUZ\u0130YET\u0130 \u00d6L\u00c7\u00dcM\u00dc"},"content":{"rendered":"<div class=\"wpb-content-wrapper\"><p>[vc_row content_placement=&#8221;middle&#8221; height=&#8221;auto&#8221; bg_type=&#8221;bg_color&#8221; bg_color_value=&#8221;#efefef&#8221; css=&#8221;.vc_custom_1496606800428{padding-top: -50px !important;padding-bottom: -50px !important;}&#8221;][vc_column][vc_empty_space height=&#8221;20px&#8221;][vc_column_text]\u00c7al\u0131\u015fanlar\u0131n maruz kald\u0131\u011f\u0131 mekanik titre\u015fim d\u00fczeyini, i\u015fyerinde ger\u00e7ekle\u015ftirilen risk de\u011ferlendirmesinde ele al\u0131r, gerekiyor ise \u00f6l\u00e7\u00fcmler yapt\u0131rarak mekanik titre\u015fime maruziyeti belirler. Bu \u00f6l\u00e7\u00fcmler, 20\/08\/2013 tarihli ve 28741 say\u0131l\u0131 Resm\u00ee Gazete\u2019de yay\u0131mlanan \u0130\u015f Hijyeni \u00d6l\u00e7\u00fcm, Test ve Analizi Yapan Laboratuvarlar Hakk\u0131nda Y\u00f6netmeli\u011fe g\u00f6re yap\u0131l\u0131r.[\/vc_column_text][vc_empty_space height=&#8221;0px&#8221;][\/vc_column][\/vc_row][vc_row height=&#8221;auto&#8221; css=&#8221;.vc_custom_1495988000222{margin-top: 0px !important;}&#8221;][vc_column][vc_empty_space height=&#8221;20px&#8221;][vc_column_text]<strong>Titre\u015fime maruz kalan insanlarda:<\/strong><\/p>\n<ul>\n<li>Fiziksel ve psikolojik rahats\u0131zl\u0131klar (yorgunluk, dikkat azalmas\u0131, ortopedik rahats\u0131zl\u0131klar, sakatl\u0131klar, i\u015f kazalar\u0131, vb. )<\/li>\n<li>Ya\u015fam kalitesinde olumsuz etkiler<\/li>\n<li>\u00c7al\u0131\u015fma performans\u0131n\u0131n azalmas\u0131<\/li>\n<li>Damarlar\u0131n daralmas\u0131 veya geni\u015flemesi<\/li>\n<li>Kas ve sinir deformasyonu<\/li>\n<li>Eklem deformasyonu<\/li>\n<li>\u0130\u00e7 organlar\u0131n etkilenmesi<\/li>\n<li>Genel bozukluklar<\/li>\n<li>Titre\u015fime neden olan kuvvetlerin de\u011fi\u015fikli\u011fe u\u011frat\u0131lmas\u0131<\/li>\n<li>Yal\u0131t\u0131m yolu ile titre\u015fimin kontrol\u00fc<\/li>\n<li>Titre\u015fimin iletildi\u011fi elemanda kontrol\u00fc<\/li>\n<\/ul>\n<p><strong>Titre\u015fimin Kontrol\u00fc \u0130\u00e7in Teknik Tedbirler<\/strong><\/p>\n<p>Titre\u015fimin \u00f6nlenmesi i\u00e7in y\u00f6netimsel tedbirler;\u00a0G\u00fcnl\u00fck \u00e7al\u0131\u015fma s\u00fcresinin k\u0131salt\u0131lmas\u0131, alet ekipman\u0131n kaslara bask\u0131 yapmayacak \u015fekilde de\u011fi\u015ftirilmesi, alet a\u011f\u0131rl\u0131\u011f\u0131n\u0131n optimum yap\u0131lmas\u0131, hava bas\u0131nc\u0131n\u0131n 3 atmosferin alt\u0131na d\u00fc\u015f\u00fcr\u00fclmesi, havan\u0131n aletin \u00f6n\u00fcnden \u00e7\u0131kar\u0131lmas\u0131, titre\u015fime maruz kalan ki\u015finin so\u011fuktan korunmas\u0131, i\u015f\u00e7i e\u011fitimi \u015feklinde s\u0131ralanabilir.[\/vc_column_text][vc_empty_space height=&#8221;10px&#8221;][\/vc_column][\/vc_row]<\/p>\n<\/div>","protected":false},"excerpt":{"rendered":"<p>[vc_row content_placement=&#8221;middle&#8221; height=&#8221;auto&#8221; bg_type=&#8221;bg_color&#8221; bg_color_value=&#8221;#efefef&#8221; css=&#8221;.vc_custom_1496606800428{padding-top: -50px !important;padding-bottom: -50px !important;}&#8221;][vc_column][vc_empty_space height=&#8221;20px&#8221;][vc_column_text]\u00c7al\u0131\u015fanlar\u0131n maruz kald\u0131\u011f\u0131 mekanik titre\u015fim d\u00fczeyini, i\u015fyerinde ger\u00e7ekle\u015ftirilen risk de\u011ferlendirmesinde ele al\u0131r, gerekiyor ise \u00f6l\u00e7\u00fcmler yapt\u0131rarak mekanik titre\u015fime maruziyeti belirler. Bu \u00f6l\u00e7\u00fcmler, 20\/08\/2013 tarihli ve 28741 say\u0131l\u0131 Resm\u00ee Gazete\u2019de yay\u0131mlanan \u0130\u015f Hijyeni \u00d6l\u00e7\u00fcm, Test ve Analizi Yapan Laboratuvarlar Hakk\u0131nda Y\u00f6netmeli\u011fe g\u00f6re yap\u0131l\u0131r.[\/vc_column_text][vc_empty_space height=&#8221;0px&#8221;][\/vc_column][\/vc_row][vc_row height=&#8221;auto&#8221; css=&#8221;.vc_custom_1495988000222{margin-top: [&hellip;]<\/p>\n","protected":false},"author":1,"featured_media":0,"parent":17,"menu_order":0,"comment_status":"closed","ping_status":"closed","template":"","meta":{"footnotes":""},"class_list":["post-971","page","type-page","status-publish","hentry"],"_links":{"self":[{"href":"https:\/\/tahribatsizmuayene.com.tr\/index.php\/wp-json\/wp\/v2\/pages\/971","targetHints":{"allow":["GET"]}}],"collection":[{"href":"https:\/\/tahribatsizmuayene.com.tr\/index.php\/wp-json\/wp\/v2\/pages"}],"about":[{"href":"https:\/\/tahribatsizmuayene.com.tr\/index.php\/wp-json\/wp\/v2\/types\/page"}],"author":[{"embeddable":true,"href":"https:\/\/tahribatsizmuayene.com.tr\/index.php\/wp-json\/wp\/v2\/users\/1"}],"replies":[{"embeddable":true,"href":"https:\/\/tahribatsizmuayene.com.tr\/index.php\/wp-json\/wp\/v2\/comments?post=971"}],"version-history":[{"count":3,"href":"https:\/\/tahribatsizmuayene.com.tr\/index.php\/wp-json\/wp\/v2\/pages\/971\/revisions"}],"predecessor-version":[{"id":1225,"href":"https:\/\/tahribatsizmuayene.com.tr\/index.php\/wp-json\/wp\/v2\/pages\/971\/revisions\/1225"}],"up":[{"embeddable":true,"href":"https:\/\/tahribatsizmuayene.com.tr\/index.php\/wp-json\/wp\/v2\/pages\/17"}],"wp:attachment":[{"href":"https:\/\/tahribatsizmuayene.com.tr\/index.php\/wp-json\/wp\/v2\/media?parent=971"}],"curies":[{"name":"wp","href":"https:\/\/api.w.org\/{rel}","templated":true}]}}