{"id":973,"date":"2024-01-28T02:24:54","date_gmt":"2024-01-28T02:24:54","guid":{"rendered":"http:\/\/sw-themes.com\/porto_dummy\/?page_id=973"},"modified":"2025-03-10T20:51:23","modified_gmt":"2025-03-10T17:51:23","slug":"solunabilir-toz-olcumu","status":"publish","type":"page","link":"https:\/\/tahribatsizmuayene.com.tr\/index.php\/ortam-olcumleri\/solunabilir-toz-olcumu\/","title":{"rendered":"SOLUNAB\u0130L\u0130R TOZ \u00d6L\u00c7\u00dcM\u00dc"},"content":{"rendered":"<div class=\"wpb-content-wrapper\"><p>[vc_row content_placement=&#8221;middle&#8221; height=&#8221;auto&#8221; bg_type=&#8221;bg_color&#8221; bg_color_value=&#8221;#efefef&#8221; css=&#8221;.vc_custom_1496606800428{padding-top: -50px !important;padding-bottom: -50px !important;}&#8221;][vc_column][vc_empty_space height=&#8221;20px&#8221;][vc_column_text]<\/p>\n<ul>\n<li>Toz, mekanik i\u015flemlerde olu\u015fan kat\u0131 par\u00e7ac\u0131klar\u0131n gaz ile kar\u0131\u015fmas\u0131 halidir.<\/li>\n<li>Toz, duman ve sisle birlikte aerosolleri meydana getirir.<\/li>\n<li>Tozlar, \u00e7e\u015fitli organik ve anorganik maddelerden, a\u015f\u0131nma, par\u00e7alanma, ufalanma, yanma sonucu olu\u015fan ve kimyasal \u00f6zellikleri, kendisini olu\u015fturan maddenin \u00f6zelliklerine benzeyen maddelerdir<\/li>\n<\/ul>\n<p>[\/vc_column_text][vc_empty_space height=&#8221;0px&#8221;][\/vc_column][\/vc_row][vc_row height=&#8221;auto&#8221; css=&#8221;.vc_custom_1495988000222{margin-top: 0px !important;}&#8221;][vc_column][vc_empty_space height=&#8221;20px&#8221;][vc_column_text]<strong>Solunan tozlar\u0131n tane b\u00fcy\u00fckl\u00fckleri ve tutulduklar\u0131 b\u00f6lgeler:<\/strong><\/p>\n<table>\n<tbody>\n<tr>\n<td width=\"242\"><strong>B\u00dcY\u00dcKL\u00dcK<\/strong><\/td>\n<td width=\"333\"><strong>TUTULDU\u011eU B\u00d6LGE<\/strong><\/td>\n<\/tr>\n<tr>\n<td width=\"242\">&gt; 10 Mikron<\/td>\n<td width=\"333\">Geniz b\u00f6lgesi<\/td>\n<\/tr>\n<tr>\n<td width=\"284\">5 \u2013 10 Mikron<\/td>\n<td width=\"333\">G\u0131rtlaktan akci\u011fere kadar olan b\u00f6lge<\/td>\n<\/tr>\n<tr>\n<td width=\"284\">0.5 \u2013 5 Mikron<\/td>\n<td width=\"333\">Hi\u00e7bir b\u00f6lgede tutulmaz<\/td>\n<\/tr>\n<\/tbody>\n<\/table>\n<p><strong>TOZLARIN SINIFLANDIRILMASI<\/strong><\/p>\n<ul>\n<li><u>Ortam havas\u0131n\u0131n tozlulu\u011fu iki \u015fekilde tan\u0131mlanabilir.<\/u><\/li>\n<li>Bir m3 hava i\u00e7indeki tozun mg olarak a\u011f\u0131rl\u0131\u011f\u0131, (Gravimetrik Y\u00f6ntem)<\/li>\n<li>Bir cm3 hava i\u00e7indeki tozun tane say\u0131s\u0131, (Toz sayma Y\u00f6ntemi)<\/li>\n<li><u>Tozlar, tane b\u00fcy\u00fckl\u00fc\u011f\u00fcne g\u00f6re \u00fc\u00e7e ayr\u0131labilir.<\/u><\/li>\n<li><strong>Kaba toz :<\/strong>\u00c7ap\u0131 10 mikrondan b\u00fcy\u00fck olan tozlard\u0131r. Durgun havada gittik\u00e7e yer \u00e7elimi g\u00fcc\u00fc ile artan bir h\u0131zla yere do\u011fru hareket eder.<\/li>\n<li><strong>Normal toz :<\/strong>\u00c7ap\u0131 0.1 -10 mikron aras\u0131nda olan tozlard\u0131r. Durgun havada sabit bir h\u0131zla yere do\u011fru hareket eder.<\/li>\n<li><strong>\u0130nce toz :<\/strong>\u00c7ap\u0131 0.1 mikron ve daha k\u00fc\u00e7\u00fck olan tozlard\u0131r<\/li>\n<\/ul>\n<p>[\/vc_column_text][vc_empty_space height=&#8221;10px&#8221;][\/vc_column][\/vc_row]<\/p>\n<\/div>","protected":false},"excerpt":{"rendered":"<p>[vc_row content_placement=&#8221;middle&#8221; height=&#8221;auto&#8221; bg_type=&#8221;bg_color&#8221; bg_color_value=&#8221;#efefef&#8221; css=&#8221;.vc_custom_1496606800428{padding-top: -50px !important;padding-bottom: -50px !important;}&#8221;][vc_column][vc_empty_space height=&#8221;20px&#8221;][vc_column_text] Toz, mekanik i\u015flemlerde olu\u015fan kat\u0131 par\u00e7ac\u0131klar\u0131n gaz ile kar\u0131\u015fmas\u0131 halidir. Toz, duman ve sisle birlikte aerosolleri meydana getirir. Tozlar, \u00e7e\u015fitli organik ve anorganik maddelerden, a\u015f\u0131nma, par\u00e7alanma, ufalanma, yanma sonucu olu\u015fan ve kimyasal \u00f6zellikleri, kendisini olu\u015fturan maddenin \u00f6zelliklerine benzeyen maddelerdir [\/vc_column_text][vc_empty_space height=&#8221;0px&#8221;][\/vc_column][\/vc_row][vc_row height=&#8221;auto&#8221; css=&#8221;.vc_custom_1495988000222{margin-top: 0px [&hellip;]<\/p>\n","protected":false},"author":1,"featured_media":0,"parent":17,"menu_order":0,"comment_status":"closed","ping_status":"closed","template":"","meta":{"footnotes":""},"class_list":["post-973","page","type-page","status-publish","hentry"],"_links":{"self":[{"href":"https:\/\/tahribatsizmuayene.com.tr\/index.php\/wp-json\/wp\/v2\/pages\/973","targetHints":{"allow":["GET"]}}],"collection":[{"href":"https:\/\/tahribatsizmuayene.com.tr\/index.php\/wp-json\/wp\/v2\/pages"}],"about":[{"href":"https:\/\/tahribatsizmuayene.com.tr\/index.php\/wp-json\/wp\/v2\/types\/page"}],"author":[{"embeddable":true,"href":"https:\/\/tahribatsizmuayene.com.tr\/index.php\/wp-json\/wp\/v2\/users\/1"}],"replies":[{"embeddable":true,"href":"https:\/\/tahribatsizmuayene.com.tr\/index.php\/wp-json\/wp\/v2\/comments?post=973"}],"version-history":[{"count":2,"href":"https:\/\/tahribatsizmuayene.com.tr\/index.php\/wp-json\/wp\/v2\/pages\/973\/revisions"}],"predecessor-version":[{"id":1227,"href":"https:\/\/tahribatsizmuayene.com.tr\/index.php\/wp-json\/wp\/v2\/pages\/973\/revisions\/1227"}],"up":[{"embeddable":true,"href":"https:\/\/tahribatsizmuayene.com.tr\/index.php\/wp-json\/wp\/v2\/pages\/17"}],"wp:attachment":[{"href":"https:\/\/tahribatsizmuayene.com.tr\/index.php\/wp-json\/wp\/v2\/media?parent=973"}],"curies":[{"name":"wp","href":"https:\/\/api.w.org\/{rel}","templated":true}]}}